{"id":13116,"date":"2021-02-03T15:28:37","date_gmt":"2021-02-03T15:28:37","guid":{"rendered":"https:\/\/www.qualidrive.ch\/?page_id=13116"},"modified":"2024-07-04T12:24:49","modified_gmt":"2024-07-04T12:24:49","slug":"geoloc-app-privacy-policy","status":"publish","type":"page","link":"https:\/\/www.qualidrive.ch\/fr\/geoloc-app-privacy-policy\/","title":{"rendered":"Geoloc App Privacy Policy"},"content":{"rendered":"<h1><strong>Protection des donn\u00e9es<\/strong><\/h1>\n<h2><strong>Principe<\/strong><\/h2>\n<p>Nous, Reist Telecom SA, attachons une grande importance \u00e0 la protection et au traitement appropri\u00e9 de vos donn\u00e9es personnelles et nous les recueillons, les traitons et les utilisons exclusivement conform\u00e9ment aux principes d\u00e9crits ci-dessous et dans le respect des lois applicables en mati\u00e8re de protection des donn\u00e9es.<\/p>\n<p>Cette politique de confidentialit\u00e9 s&rsquo;applique \u00e0 notre application GeoLoc pour iPhone et Android.<\/p>\n<p>Dans le cadre du processus d&rsquo;enregistrement de l&rsquo;application GeoLoc, nous vous demandons les donn\u00e9es suivantes: Adresse \u00e9lectronique et mot de passe personnel QualiDrive.<\/p>\n<h2><strong>Donn\u00e9es collect\u00e9es, stock\u00e9es et trait\u00e9es<\/strong><\/h2>\n<p>L&rsquo;utilisation de l&rsquo;application GeoLoc n\u00e9cessite la collecte, le stockage et le traitement de donn\u00e9es personnelles. Outre les donn\u00e9es mentionn\u00e9es ci-dessus, cela comprend notamment la collecte, le stockage et le traitement des donn\u00e9es suivantes<\/p>\n<ul>\n<li>Position GPS<\/li>\n<li>Donn\u00e9es relatives au voyage, telles que les informations sur les voyages effectu\u00e9s, les points de d\u00e9part et d&rsquo;arriv\u00e9e, la dur\u00e9e du voyage, le temps pass\u00e9, etc.<\/li>\n<li>Des donn\u00e9es telles que la date, l&rsquo;heure, la dur\u00e9e<\/li>\n<li>Informations sur l&rsquo;appareil mobile utilis\u00e9 (identifiant de l&rsquo;appareil, fabricant, type et version du syst\u00e8me d&rsquo;exploitation, langue, version de l&rsquo;application GeoLoc, etc.)<\/li>\n<\/ul>\n<h2><strong>Droits d&rsquo;acc\u00e8s \u00e0 l&rsquo;application<\/strong><\/h2>\n<p>Afin de fournir nos services par le biais de l&rsquo;application, nous avons besoin des droits d&rsquo;acc\u00e8s \u00e9num\u00e9r\u00e9s ci-dessous qui nous permettent d&rsquo;acc\u00e9der \u00e0 certaines fonctionnalit\u00e9s de votre appareil mobile.<\/p>\n<ul>\n<li>Acc\u00e8s au service de localisation : nous avons besoin d&rsquo;un acc\u00e8s au service de localisation afin d&rsquo;enregistrer vos donn\u00e9es de localisation. Si vous souhaitez utiliser l&rsquo;application GeoLoc, vous devez la partager.<\/li>\n<\/ul>\n<h2><strong>Donn\u00e9es partag\u00e9es<\/strong><\/h2>\n<p>Les documents contenant votre adresse \u00e9lectronique ou votre nom, ainsi que votre localisation, ne seront pas communiqu\u00e9s \u00e0 des tiers. Toutefois, si vous \u00eates un moniteur de conduite, vos donn\u00e9es seront partag\u00e9es avec vos apprentis conducteurs ou si vous \u00eates un apprenti conducteur, vos donn\u00e9es seront partag\u00e9es avec vos moniteurs de conduite. Dans ce cas, les donn\u00e9es n\u00e9cessaires \u00e0 l&rsquo;enregistrement des itin\u00e9raires, etc. seront partag\u00e9es avec le portail QualiDrive.<\/p>\n<h2><strong>Droits concernant les donn\u00e9es \u00e0 caract\u00e8re personnel<\/strong><\/h2>\n<p>Bien entendu, vous avez le droit de demander des informations sur les donn\u00e9es que Reist Telecom SA a stock\u00e9es \u00e0 votre sujet. Vous avez \u00e9galement le droit de faire corriger, bloquer et supprimer les donn\u00e9es incorrectes. Veuillez contacter l&rsquo;adresse indiqu\u00e9e dans les mentions l\u00e9gales.<\/p>\n<h2><strong>Les donn\u00e9es sont-elles utilis\u00e9es \u00e0 d&rsquo;autres fins?<\/strong><\/h2>\n<p>Vos donn\u00e9es peuvent \u00eatre utiles \u00e0 des fins statistiques. Reist Telecom SA peut fournir des donn\u00e9es \u00e0 ces fins ainsi que pour son propre d\u00e9veloppement afin de maintenir la qualit\u00e9 de son service. Ce faisant, nous veillons \u00e0 tout moment \u00e0 ce qu&rsquo;aucune conclusion ne puisse \u00eatre tir\u00e9e sur les personnes et les voyages en rendant les donn\u00e9es concern\u00e9es anonymes.<\/p>\n","protected":false},"excerpt":{"rendered":"<p>Protection des donn\u00e9es Principe Nous, Reist Telecom SA, attachons une grande importance \u00e0 la protection et au traitement appropri\u00e9 de vos donn\u00e9es personnelles et nous les recueillons, les traitons et les utilisons exclusivement conform\u00e9ment aux principes d\u00e9crits ci-dessous et dans le respect des lois applicables en mati\u00e8re de protection des donn\u00e9es. Cette politique de confidentialit\u00e9 s&rsquo;applique \u00e0 notre application GeoLoc [&hellip;]<\/p>\n","protected":false},"author":3,"featured_media":0,"parent":0,"menu_order":0,"comment_status":"closed","ping_status":"open","template":"","meta":{"footnotes":""},"class_list":["post-13116","page","type-page","status-publish","hentry"],"yoast_head":"<!-- This site is optimized with the Yoast SEO plugin v27.5 - https:\/\/yoast.com\/product\/yoast-seo-wordpress\/ -->\n<title>Geoloc App Privacy Policy - QualiDrive by CTM Alder<\/title>\n<meta name=\"description\" content=\"Nous, CTM Alder, attachons une grande importance \u00e0 la protection et au traitement appropri\u00e9 de vos donn\u00e9es personnelles\" \/>\n<meta name=\"robots\" content=\"index, follow, max-snippet:-1, max-image-preview:large, max-video-preview:-1\" \/>\n<link rel=\"canonical\" href=\"https:\/\/www.qualidrive.ch\/fr\/geoloc-app-privacy-policy\/\" \/>\n<meta property=\"og:locale\" content=\"fr_FR\" \/>\n<meta property=\"og:type\" content=\"article\" \/>\n<meta property=\"og:title\" content=\"Geoloc App Privacy Policy - QualiDrive by CTM Alder\" \/>\n<meta property=\"og:description\" content=\"Nous, CTM Alder, attachons une grande importance \u00e0 la protection et au traitement appropri\u00e9 de vos donn\u00e9es personnelles\" \/>\n<meta property=\"og:url\" content=\"https:\/\/www.qualidrive.ch\/fr\/geoloc-app-privacy-policy\/\" \/>\n<meta property=\"og:site_name\" content=\"QualiDrive by CTM Alder\" \/>\n<meta property=\"article:modified_time\" content=\"2024-07-04T12:24:49+00:00\" \/>\n<meta name=\"twitter:card\" content=\"summary_large_image\" \/>\n<meta name=\"twitter:label1\" content=\"Dur\u00e9e de lecture estim\u00e9e\" \/>\n\t<meta name=\"twitter:data1\" content=\"3 minutes\" \/>\n<script type=\"application\/ld+json\" class=\"yoast-schema-graph\">{\"@context\":\"https:\\\/\\\/schema.org\",\"@graph\":[{\"@type\":\"WebPage\",\"@id\":\"https:\\\/\\\/www.qualidrive.ch\\\/fr\\\/geoloc-app-privacy-policy\\\/\",\"url\":\"https:\\\/\\\/www.qualidrive.ch\\\/fr\\\/geoloc-app-privacy-policy\\\/\",\"name\":\"Geoloc App Privacy Policy - QualiDrive by CTM Alder\",\"isPartOf\":{\"@id\":\"https:\\\/\\\/www.qualidrive.ch\\\/#website\"},\"datePublished\":\"2021-02-03T15:28:37+00:00\",\"dateModified\":\"2024-07-04T12:24:49+00:00\",\"description\":\"Nous, CTM Alder, attachons une grande importance \u00e0 la protection et au traitement appropri\u00e9 de vos donn\u00e9es personnelles\",\"breadcrumb\":{\"@id\":\"https:\\\/\\\/www.qualidrive.ch\\\/fr\\\/geoloc-app-privacy-policy\\\/#breadcrumb\"},\"inLanguage\":\"fr-FR\",\"potentialAction\":[{\"@type\":\"ReadAction\",\"target\":[\"https:\\\/\\\/www.qualidrive.ch\\\/fr\\\/geoloc-app-privacy-policy\\\/\"]}]},{\"@type\":\"BreadcrumbList\",\"@id\":\"https:\\\/\\\/www.qualidrive.ch\\\/fr\\\/geoloc-app-privacy-policy\\\/#breadcrumb\",\"itemListElement\":[{\"@type\":\"ListItem\",\"position\":1,\"name\":\"Startseite\",\"item\":\"https:\\\/\\\/www.qualidrive.ch\\\/fr\\\/\"},{\"@type\":\"ListItem\",\"position\":2,\"name\":\"Geoloc App Privacy Policy\"}]},{\"@type\":\"WebSite\",\"@id\":\"https:\\\/\\\/www.qualidrive.ch\\\/#website\",\"url\":\"https:\\\/\\\/www.qualidrive.ch\\\/\",\"name\":\"QualiDrive by CTM Alder\",\"description\":\"Software f\u00fcr Fahrschulen\",\"potentialAction\":[{\"@type\":\"SearchAction\",\"target\":{\"@type\":\"EntryPoint\",\"urlTemplate\":\"https:\\\/\\\/www.qualidrive.ch\\\/?s={search_term_string}\"},\"query-input\":{\"@type\":\"PropertyValueSpecification\",\"valueRequired\":true,\"valueName\":\"search_term_string\"}}],\"inLanguage\":\"fr-FR\"}]}<\/script>\n<!-- \/ Yoast SEO plugin. -->","yoast_head_json":{"title":"Geoloc App Privacy Policy - QualiDrive by CTM Alder","description":"Nous, CTM Alder, attachons une grande importance \u00e0 la protection et au traitement appropri\u00e9 de vos donn\u00e9es personnelles","robots":{"index":"index","follow":"follow","max-snippet":"max-snippet:-1","max-image-preview":"max-image-preview:large","max-video-preview":"max-video-preview:-1"},"canonical":"https:\/\/www.qualidrive.ch\/fr\/geoloc-app-privacy-policy\/","og_locale":"fr_FR","og_type":"article","og_title":"Geoloc App Privacy Policy - QualiDrive by CTM Alder","og_description":"Nous, CTM Alder, attachons une grande importance \u00e0 la protection et au traitement appropri\u00e9 de vos donn\u00e9es personnelles","og_url":"https:\/\/www.qualidrive.ch\/fr\/geoloc-app-privacy-policy\/","og_site_name":"QualiDrive by CTM Alder","article_modified_time":"2024-07-04T12:24:49+00:00","twitter_card":"summary_large_image","twitter_misc":{"Dur\u00e9e de lecture estim\u00e9e":"3 minutes"},"schema":{"@context":"https:\/\/schema.org","@graph":[{"@type":"WebPage","@id":"https:\/\/www.qualidrive.ch\/fr\/geoloc-app-privacy-policy\/","url":"https:\/\/www.qualidrive.ch\/fr\/geoloc-app-privacy-policy\/","name":"Geoloc App Privacy Policy - QualiDrive by CTM Alder","isPartOf":{"@id":"https:\/\/www.qualidrive.ch\/#website"},"datePublished":"2021-02-03T15:28:37+00:00","dateModified":"2024-07-04T12:24:49+00:00","description":"Nous, CTM Alder, attachons une grande importance \u00e0 la protection et au traitement appropri\u00e9 de vos donn\u00e9es personnelles","breadcrumb":{"@id":"https:\/\/www.qualidrive.ch\/fr\/geoloc-app-privacy-policy\/#breadcrumb"},"inLanguage":"fr-FR","potentialAction":[{"@type":"ReadAction","target":["https:\/\/www.qualidrive.ch\/fr\/geoloc-app-privacy-policy\/"]}]},{"@type":"BreadcrumbList","@id":"https:\/\/www.qualidrive.ch\/fr\/geoloc-app-privacy-policy\/#breadcrumb","itemListElement":[{"@type":"ListItem","position":1,"name":"Startseite","item":"https:\/\/www.qualidrive.ch\/fr\/"},{"@type":"ListItem","position":2,"name":"Geoloc App Privacy Policy"}]},{"@type":"WebSite","@id":"https:\/\/www.qualidrive.ch\/#website","url":"https:\/\/www.qualidrive.ch\/","name":"QualiDrive by CTM Alder","description":"Software f\u00fcr Fahrschulen","potentialAction":[{"@type":"SearchAction","target":{"@type":"EntryPoint","urlTemplate":"https:\/\/www.qualidrive.ch\/?s={search_term_string}"},"query-input":{"@type":"PropertyValueSpecification","valueRequired":true,"valueName":"search_term_string"}}],"inLanguage":"fr-FR"}]}},"_links":{"self":[{"href":"https:\/\/www.qualidrive.ch\/fr\/wp-json\/wp\/v2\/pages\/13116","targetHints":{"allow":["GET"]}}],"collection":[{"href":"https:\/\/www.qualidrive.ch\/fr\/wp-json\/wp\/v2\/pages"}],"about":[{"href":"https:\/\/www.qualidrive.ch\/fr\/wp-json\/wp\/v2\/types\/page"}],"author":[{"embeddable":true,"href":"https:\/\/www.qualidrive.ch\/fr\/wp-json\/wp\/v2\/users\/3"}],"replies":[{"embeddable":true,"href":"https:\/\/www.qualidrive.ch\/fr\/wp-json\/wp\/v2\/comments?post=13116"}],"version-history":[{"count":3,"href":"https:\/\/www.qualidrive.ch\/fr\/wp-json\/wp\/v2\/pages\/13116\/revisions"}],"predecessor-version":[{"id":15259,"href":"https:\/\/www.qualidrive.ch\/fr\/wp-json\/wp\/v2\/pages\/13116\/revisions\/15259"}],"wp:attachment":[{"href":"https:\/\/www.qualidrive.ch\/fr\/wp-json\/wp\/v2\/media?parent=13116"}],"curies":[{"name":"wp","href":"https:\/\/api.w.org\/{rel}","templated":true}]}}