{"id":13492,"date":"2021-09-06T07:29:14","date_gmt":"2021-09-06T07:29:14","guid":{"rendered":"https:\/\/www.qualidrive.ch\/?page_id=13492"},"modified":"2024-07-04T12:26:17","modified_gmt":"2024-07-04T12:26:17","slug":"mentions-legales","status":"publish","type":"page","link":"https:\/\/www.qualidrive.ch\/fr\/mentions-legales\/","title":{"rendered":"Mentions l\u00e9gales"},"content":{"rendered":"<p>[vc_row visibility=\u00a0\u00bbhidden-xs,visible-sm,visible-md,visible-lg,visible-xlg\u00a0\u00bb][vc_column][vc_custom_heading text=\u00a0\u00bbMentions l\u00e9gales\u00a0\u00bb font_container=\u00a0\u00bbtag:h1|font_size:60|text_align:left|color:%23000000&Prime; use_theme_fonts=\u00a0\u00bbyes\u00a0\u00bb css=\u00a0\u00bb.vc_custom_1584118450255{margin-top: 0px !important;padding-top: 40px !important;}\u00a0\u00bb][\/vc_column][\/vc_row][vc_row visibility=\u00a0\u00bbhidden-sm,hidden-md,hidden-lg,hidden-xlg,visible-xs\u00a0\u00bb][vc_column][vc_custom_heading text=\u00a0\u00bbMentions l\u00e9gales\u00a0\u00bb font_container=\u00a0\u00bbtag:h1|font_size:60|text_align:left|color:%23000000&Prime; use_theme_fonts=\u00a0\u00bbyes\u00a0\u00bb css=\u00a0\u00bb.vc_custom_1584118457136{margin-top: 0px !important;padding-top: 40px !important;}\u00a0\u00bb][\/vc_column][\/vc_row][vc_row][vc_column][vc_column_text]<\/p>\n<h2><\/h2>\n<p>Contact<br \/>\nInternet: www.qualidrive.ch \/ <a href=\"https:\/\/www.ctmalder.ch\/fr\/\">www.ctmalder.ch<\/a><br \/>\nEmail: info@ctmalder.ch<br \/>\nT\u00e9l\u00e9phone : +41 32 588 50 10<\/p>\n<p>Informations juridiques: ce site web est g\u00e9r\u00e9 par<\/p>\n<p>Reist Telecom SA<br \/>\nGlutz-Blotzheim-Strasse 3<br \/>\n4500 Solothurn<\/p>\n<p>UID Nr: CHE-112.820.654<br \/>\nMWST Nr: CHE-112.820.654<br \/>\nDirection de la succursale CTM Alder: Lisa Strauss<\/p>\n<p>L\u2019ensemble du site est soumis \u00e0 la l\u00e9gislation suisse. Tous droits r\u00e9serv\u00e9s.<\/p>\n<p>Tous les textes, images, graphiques, fichiers vid\u00e9o et d\u2019animation sont soumis au droit d\u2019auteur et aux autres lois applicables en mati\u00e8re de protection de la propri\u00e9t\u00e9 intellectuelle.[\/vc_column_text][\/vc_column][\/vc_row][vc_row padding_top=\u00a0\u00bb140&Prime;][vc_column]<style>#btn_69ded0d75100d:hover {background-color: #209bd8 !important;color: #ffffff !important;border-color: #209bd8 !important;}<\/style><div class=\"text-center\"><a class=\"btn btn-custom\" href=\"https:\/\/www.qualidrive.ch\/fr\/\" style=\"background-color: #000000;color: #ffffff;border-color: #000000;\"id=\"btn_69ded0d75100d\">retour \u00e0 la page d'accueil<\/a><\/div>[\/vc_column][\/vc_row]<\/p>\n","protected":false},"excerpt":{"rendered":"<p>[vc_row visibility=\u00a0\u00bbhidden-xs,visible-sm,visible-md,visible-lg,visible-xlg\u00a0\u00bb][vc_column][vc_custom_heading text=\u00a0\u00bbMentions l\u00e9gales\u00a0\u00bb font_container=\u00a0\u00bbtag:h1|font_size:60|text_align:left|color:%23000000&Prime; use_theme_fonts=\u00a0\u00bbyes\u00a0\u00bb css=\u00a0\u00bb.vc_custom_1584118450255{margin-top: 0px !important;padding-top: 40px !important;}\u00a0\u00bb][\/vc_column][\/vc_row][vc_row visibility=\u00a0\u00bbhidden-sm,hidden-md,hidden-lg,hidden-xlg,visible-xs\u00a0\u00bb][vc_column][vc_custom_heading text=\u00a0\u00bbMentions l\u00e9gales\u00a0\u00bb font_container=\u00a0\u00bbtag:h1|font_size:60|text_align:left|color:%23000000&Prime; use_theme_fonts=\u00a0\u00bbyes\u00a0\u00bb css=\u00a0\u00bb.vc_custom_1584118457136{margin-top: 0px !important;padding-top: 40px !important;}\u00a0\u00bb][\/vc_column][\/vc_row][vc_row][vc_column][vc_column_text] Contact Internet: www.qualidrive.ch \/ www.ctmalder.ch Email: info@ctmalder.ch T\u00e9l\u00e9phone : +41 32 588 50 10 Informations juridiques: ce site web est g\u00e9r\u00e9 par Reist Telecom SA Glutz-Blotzheim-Strasse 3 4500 Solothurn UID Nr: CHE-112.820.654 MWST Nr: CHE-112.820.654 Direction de la succursale [&hellip;]<\/p>\n","protected":false},"author":3,"featured_media":0,"parent":0,"menu_order":0,"comment_status":"closed","ping_status":"closed","template":"page-templates\/full-width.php","meta":{"footnotes":""},"class_list":["post-13492","page","type-page","status-publish","hentry"],"yoast_head":"<!-- This site is optimized with the Yoast SEO plugin v27.3 - https:\/\/yoast.com\/product\/yoast-seo-wordpress\/ -->\n<title>Mentions l\u00e9gales - QualiDrive by CTM Alder<\/title>\n<meta name=\"description\" content=\"Les mentions l\u00e9gales fournissent des informations sur les exploitants du site qualidrive.ch et sur les produits et services qui y sont propos\u00e9s.\" \/>\n<meta name=\"robots\" content=\"index, follow, max-snippet:-1, max-image-preview:large, max-video-preview:-1\" \/>\n<link rel=\"canonical\" href=\"https:\/\/www.qualidrive.ch\/fr\/mentions-legales\/\" \/>\n<meta property=\"og:locale\" content=\"fr_FR\" \/>\n<meta property=\"og:type\" content=\"article\" \/>\n<meta property=\"og:title\" content=\"Mentions l\u00e9gales - QualiDrive by CTM Alder\" \/>\n<meta property=\"og:description\" content=\"Les mentions l\u00e9gales fournissent des informations sur les exploitants du site qualidrive.ch et sur les produits et services qui y sont propos\u00e9s.\" \/>\n<meta property=\"og:url\" content=\"https:\/\/www.qualidrive.ch\/fr\/mentions-legales\/\" \/>\n<meta property=\"og:site_name\" content=\"QualiDrive by CTM Alder\" \/>\n<meta property=\"article:modified_time\" content=\"2024-07-04T12:26:17+00:00\" \/>\n<meta name=\"twitter:card\" content=\"summary_large_image\" \/>\n<meta name=\"twitter:label1\" content=\"Dur\u00e9e de lecture estim\u00e9e\" \/>\n\t<meta name=\"twitter:data1\" content=\"1 minute\" \/>\n<script type=\"application\/ld+json\" class=\"yoast-schema-graph\">{\"@context\":\"https:\\\/\\\/schema.org\",\"@graph\":[{\"@type\":\"WebPage\",\"@id\":\"https:\\\/\\\/www.qualidrive.ch\\\/fr\\\/mentions-legales\\\/\",\"url\":\"https:\\\/\\\/www.qualidrive.ch\\\/fr\\\/mentions-legales\\\/\",\"name\":\"Mentions l\u00e9gales - QualiDrive by CTM Alder\",\"isPartOf\":{\"@id\":\"https:\\\/\\\/www.qualidrive.ch\\\/#website\"},\"datePublished\":\"2021-09-06T07:29:14+00:00\",\"dateModified\":\"2024-07-04T12:26:17+00:00\",\"description\":\"Les mentions l\u00e9gales fournissent des informations sur les exploitants du site qualidrive.ch et sur les produits et services qui y sont propos\u00e9s.\",\"breadcrumb\":{\"@id\":\"https:\\\/\\\/www.qualidrive.ch\\\/fr\\\/mentions-legales\\\/#breadcrumb\"},\"inLanguage\":\"fr-FR\",\"potentialAction\":[{\"@type\":\"ReadAction\",\"target\":[\"https:\\\/\\\/www.qualidrive.ch\\\/fr\\\/mentions-legales\\\/\"]}]},{\"@type\":\"BreadcrumbList\",\"@id\":\"https:\\\/\\\/www.qualidrive.ch\\\/fr\\\/mentions-legales\\\/#breadcrumb\",\"itemListElement\":[{\"@type\":\"ListItem\",\"position\":1,\"name\":\"Startseite\",\"item\":\"https:\\\/\\\/www.qualidrive.ch\\\/fr\\\/\"},{\"@type\":\"ListItem\",\"position\":2,\"name\":\"Mentions l\u00e9gales\"}]},{\"@type\":\"WebSite\",\"@id\":\"https:\\\/\\\/www.qualidrive.ch\\\/#website\",\"url\":\"https:\\\/\\\/www.qualidrive.ch\\\/\",\"name\":\"QualiDrive by CTM Alder\",\"description\":\"Software f\u00fcr Fahrschulen\",\"potentialAction\":[{\"@type\":\"SearchAction\",\"target\":{\"@type\":\"EntryPoint\",\"urlTemplate\":\"https:\\\/\\\/www.qualidrive.ch\\\/?s={search_term_string}\"},\"query-input\":{\"@type\":\"PropertyValueSpecification\",\"valueRequired\":true,\"valueName\":\"search_term_string\"}}],\"inLanguage\":\"fr-FR\"}]}<\/script>\n<!-- \/ Yoast SEO plugin. -->","yoast_head_json":{"title":"Mentions l\u00e9gales - QualiDrive by CTM Alder","description":"Les mentions l\u00e9gales fournissent des informations sur les exploitants du site qualidrive.ch et sur les produits et services qui y sont propos\u00e9s.","robots":{"index":"index","follow":"follow","max-snippet":"max-snippet:-1","max-image-preview":"max-image-preview:large","max-video-preview":"max-video-preview:-1"},"canonical":"https:\/\/www.qualidrive.ch\/fr\/mentions-legales\/","og_locale":"fr_FR","og_type":"article","og_title":"Mentions l\u00e9gales - QualiDrive by CTM Alder","og_description":"Les mentions l\u00e9gales fournissent des informations sur les exploitants du site qualidrive.ch et sur les produits et services qui y sont propos\u00e9s.","og_url":"https:\/\/www.qualidrive.ch\/fr\/mentions-legales\/","og_site_name":"QualiDrive by CTM Alder","article_modified_time":"2024-07-04T12:26:17+00:00","twitter_card":"summary_large_image","twitter_misc":{"Dur\u00e9e de lecture estim\u00e9e":"1 minute"},"schema":{"@context":"https:\/\/schema.org","@graph":[{"@type":"WebPage","@id":"https:\/\/www.qualidrive.ch\/fr\/mentions-legales\/","url":"https:\/\/www.qualidrive.ch\/fr\/mentions-legales\/","name":"Mentions l\u00e9gales - QualiDrive by CTM Alder","isPartOf":{"@id":"https:\/\/www.qualidrive.ch\/#website"},"datePublished":"2021-09-06T07:29:14+00:00","dateModified":"2024-07-04T12:26:17+00:00","description":"Les mentions l\u00e9gales fournissent des informations sur les exploitants du site qualidrive.ch et sur les produits et services qui y sont propos\u00e9s.","breadcrumb":{"@id":"https:\/\/www.qualidrive.ch\/fr\/mentions-legales\/#breadcrumb"},"inLanguage":"fr-FR","potentialAction":[{"@type":"ReadAction","target":["https:\/\/www.qualidrive.ch\/fr\/mentions-legales\/"]}]},{"@type":"BreadcrumbList","@id":"https:\/\/www.qualidrive.ch\/fr\/mentions-legales\/#breadcrumb","itemListElement":[{"@type":"ListItem","position":1,"name":"Startseite","item":"https:\/\/www.qualidrive.ch\/fr\/"},{"@type":"ListItem","position":2,"name":"Mentions l\u00e9gales"}]},{"@type":"WebSite","@id":"https:\/\/www.qualidrive.ch\/#website","url":"https:\/\/www.qualidrive.ch\/","name":"QualiDrive by CTM Alder","description":"Software f\u00fcr Fahrschulen","potentialAction":[{"@type":"SearchAction","target":{"@type":"EntryPoint","urlTemplate":"https:\/\/www.qualidrive.ch\/?s={search_term_string}"},"query-input":{"@type":"PropertyValueSpecification","valueRequired":true,"valueName":"search_term_string"}}],"inLanguage":"fr-FR"}]}},"_links":{"self":[{"href":"https:\/\/www.qualidrive.ch\/fr\/wp-json\/wp\/v2\/pages\/13492","targetHints":{"allow":["GET"]}}],"collection":[{"href":"https:\/\/www.qualidrive.ch\/fr\/wp-json\/wp\/v2\/pages"}],"about":[{"href":"https:\/\/www.qualidrive.ch\/fr\/wp-json\/wp\/v2\/types\/page"}],"author":[{"embeddable":true,"href":"https:\/\/www.qualidrive.ch\/fr\/wp-json\/wp\/v2\/users\/3"}],"replies":[{"embeddable":true,"href":"https:\/\/www.qualidrive.ch\/fr\/wp-json\/wp\/v2\/comments?post=13492"}],"version-history":[{"count":4,"href":"https:\/\/www.qualidrive.ch\/fr\/wp-json\/wp\/v2\/pages\/13492\/revisions"}],"predecessor-version":[{"id":15260,"href":"https:\/\/www.qualidrive.ch\/fr\/wp-json\/wp\/v2\/pages\/13492\/revisions\/15260"}],"wp:attachment":[{"href":"https:\/\/www.qualidrive.ch\/fr\/wp-json\/wp\/v2\/media?parent=13492"}],"curies":[{"name":"wp","href":"https:\/\/api.w.org\/{rel}","templated":true}]}}