{"id":13634,"date":"2021-10-15T07:13:05","date_gmt":"2021-10-15T07:13:05","guid":{"rendered":"https:\/\/www.qualidrive.ch\/?page_id=13634"},"modified":"2024-04-05T13:23:20","modified_gmt":"2024-04-05T13:23:20","slug":"prixsms","status":"publish","type":"page","link":"https:\/\/www.qualidrive.ch\/fr\/prix\/prixsms\/","title":{"rendered":"Prix SMS"},"content":{"rendered":"<p>[vc_row text_color=\u00a0\u00bb#000000&Prime;][vc_column][vc_column_text]<\/p>\n<h1>Prix SMS<\/h1>\n<h5><\/h5>\n<p>&nbsp;<\/p>\n<h5>50 SMS CHF 10<br \/>\n500 SMS CHF 95<br \/>\n2\u2019500 SMS CHF 450<br \/>\n5\u2019000 SMS CHF 850<br \/>\n10\u2019000 SMS CHF 1\u2019600<br \/>\n20\u2019000 SMS CHF 3\u2019000<\/h5>\n<p>&nbsp;<\/p>\n<p>La fonctionnalit\u00e9 ou le module d&rsquo;envoi de messages du syst\u00e8me SMS tels que les confirmations de rendez-vous, les rappels ou les annulations est inclus dans le prix de base.<\/p>\n<p>L&rsquo;envoi de SMS individuels est payant. Ceux qui souhaitent utiliser les notifications par SMS (en plus de l\u2019email) peuvent acheter de mani\u00e8re flexible un solde de SMS.<br \/>\nLe solde est affich\u00e9 \u00e0 l&rsquo;utilisateur du QualiDrive. Si le solde des SMS est inf\u00e9rieur \u00e0 50, un message appara\u00eet (le solde devient rouge).<br \/>\nSans recharger le solde, l&rsquo;envoi de SMS est arr\u00eat\u00e9 lorsque le solde est \u00e9puis\u00e9. Cela vous permet de contr\u00f4ler totalement les co\u00fbts.<\/p>\n<p>Les SMS sont envoy\u00e9s par un fournisseur suisse fiable et r\u00e9put\u00e9.[\/vc_column_text]<style>#btn_6a0997a8e4403:hover {background-color: #209bd8 !important;color: #ffffff !important;border-color: #209bd8 !important;}<\/style><div class=\"text-center\"><a class=\"btn no-border-radius btn-custom btn-lg\" href=\"https:\/\/www.qualidrive.ch\/fr\/prix\/\" style=\"background-color: #000000;color: #ffffff;border-color: #000000;\"id=\"btn_6a0997a8e4403\">retour \u00e0 l'aper\u00e7u<\/a><\/div>[\/vc_column][\/vc_row]<\/p>\n","protected":false},"excerpt":{"rendered":"<p>[vc_row text_color=\u00a0\u00bb#000000&Prime;][vc_column][vc_column_text] Prix SMS &nbsp; 50 SMS CHF 10 500 SMS CHF 95 2\u2019500 SMS CHF 450 5\u2019000 SMS CHF 850 10\u2019000 SMS CHF 1\u2019600 20\u2019000 SMS CHF 3\u2019000 &nbsp; La fonctionnalit\u00e9 ou le module d&rsquo;envoi de messages du syst\u00e8me SMS tels que les confirmations de rendez-vous, les rappels ou les annulations est inclus dans le prix de base. L&rsquo;envoi [&hellip;]<\/p>\n","protected":false},"author":3,"featured_media":0,"parent":13603,"menu_order":0,"comment_status":"closed","ping_status":"closed","template":"page-templates\/full-width.php","meta":{"footnotes":""},"class_list":["post-13634","page","type-page","status-publish","hentry"],"yoast_head":"<!-- This site is optimized with the Yoast SEO plugin v27.5 - https:\/\/yoast.com\/product\/yoast-seo-wordpress\/ -->\n<title>Prix SMS - QualiDrive by CTM Alder<\/title>\n<meta name=\"description\" content=\"QualiDrive permet l&#039;envoi de notifications par SMS telles que des rappels, des confirmations, etc. Trouver les prix des SMS ici...\" \/>\n<meta name=\"robots\" content=\"index, follow, max-snippet:-1, max-image-preview:large, max-video-preview:-1\" \/>\n<link rel=\"canonical\" href=\"https:\/\/www.qualidrive.ch\/fr\/prix\/prixsms\/\" \/>\n<meta property=\"og:locale\" content=\"fr_FR\" \/>\n<meta property=\"og:type\" content=\"article\" \/>\n<meta property=\"og:title\" content=\"Prix SMS - QualiDrive by CTM Alder\" \/>\n<meta property=\"og:description\" content=\"QualiDrive permet l&#039;envoi de notifications par SMS telles que des rappels, des confirmations, etc. Trouver les prix des SMS ici...\" \/>\n<meta property=\"og:url\" content=\"https:\/\/www.qualidrive.ch\/fr\/prix\/prixsms\/\" \/>\n<meta property=\"og:site_name\" content=\"QualiDrive by CTM Alder\" \/>\n<meta property=\"article:modified_time\" content=\"2024-04-05T13:23:20+00:00\" \/>\n<meta name=\"twitter:card\" content=\"summary_large_image\" \/>\n<meta name=\"twitter:label1\" content=\"Dur\u00e9e de lecture estim\u00e9e\" \/>\n\t<meta name=\"twitter:data1\" content=\"1 minute\" \/>\n<script type=\"application\/ld+json\" class=\"yoast-schema-graph\">{\"@context\":\"https:\\\/\\\/schema.org\",\"@graph\":[{\"@type\":\"WebPage\",\"@id\":\"https:\\\/\\\/www.qualidrive.ch\\\/fr\\\/prix\\\/prixsms\\\/\",\"url\":\"https:\\\/\\\/www.qualidrive.ch\\\/fr\\\/prix\\\/prixsms\\\/\",\"name\":\"Prix SMS - QualiDrive by CTM Alder\",\"isPartOf\":{\"@id\":\"https:\\\/\\\/www.qualidrive.ch\\\/#website\"},\"datePublished\":\"2021-10-15T07:13:05+00:00\",\"dateModified\":\"2024-04-05T13:23:20+00:00\",\"description\":\"QualiDrive permet l'envoi de notifications par SMS telles que des rappels, des confirmations, etc. Trouver les prix des SMS ici...\",\"breadcrumb\":{\"@id\":\"https:\\\/\\\/www.qualidrive.ch\\\/fr\\\/prix\\\/prixsms\\\/#breadcrumb\"},\"inLanguage\":\"fr-FR\",\"potentialAction\":[{\"@type\":\"ReadAction\",\"target\":[\"https:\\\/\\\/www.qualidrive.ch\\\/fr\\\/prix\\\/prixsms\\\/\"]}]},{\"@type\":\"BreadcrumbList\",\"@id\":\"https:\\\/\\\/www.qualidrive.ch\\\/fr\\\/prix\\\/prixsms\\\/#breadcrumb\",\"itemListElement\":[{\"@type\":\"ListItem\",\"position\":1,\"name\":\"Startseite\",\"item\":\"https:\\\/\\\/www.qualidrive.ch\\\/fr\\\/\"},{\"@type\":\"ListItem\",\"position\":2,\"name\":\"Prix &#8211; fonctions, formation, support technique\",\"item\":\"https:\\\/\\\/www.qualidrive.ch\\\/fr\\\/prix\\\/\"},{\"@type\":\"ListItem\",\"position\":3,\"name\":\"Prix SMS\"}]},{\"@type\":\"WebSite\",\"@id\":\"https:\\\/\\\/www.qualidrive.ch\\\/#website\",\"url\":\"https:\\\/\\\/www.qualidrive.ch\\\/\",\"name\":\"QualiDrive by CTM Alder\",\"description\":\"Software f\u00fcr Fahrschulen\",\"potentialAction\":[{\"@type\":\"SearchAction\",\"target\":{\"@type\":\"EntryPoint\",\"urlTemplate\":\"https:\\\/\\\/www.qualidrive.ch\\\/?s={search_term_string}\"},\"query-input\":{\"@type\":\"PropertyValueSpecification\",\"valueRequired\":true,\"valueName\":\"search_term_string\"}}],\"inLanguage\":\"fr-FR\"}]}<\/script>\n<!-- \/ Yoast SEO plugin. -->","yoast_head_json":{"title":"Prix SMS - QualiDrive by CTM Alder","description":"QualiDrive permet l'envoi de notifications par SMS telles que des rappels, des confirmations, etc. Trouver les prix des SMS ici...","robots":{"index":"index","follow":"follow","max-snippet":"max-snippet:-1","max-image-preview":"max-image-preview:large","max-video-preview":"max-video-preview:-1"},"canonical":"https:\/\/www.qualidrive.ch\/fr\/prix\/prixsms\/","og_locale":"fr_FR","og_type":"article","og_title":"Prix SMS - QualiDrive by CTM Alder","og_description":"QualiDrive permet l'envoi de notifications par SMS telles que des rappels, des confirmations, etc. Trouver les prix des SMS ici...","og_url":"https:\/\/www.qualidrive.ch\/fr\/prix\/prixsms\/","og_site_name":"QualiDrive by CTM Alder","article_modified_time":"2024-04-05T13:23:20+00:00","twitter_card":"summary_large_image","twitter_misc":{"Dur\u00e9e de lecture estim\u00e9e":"1 minute"},"schema":{"@context":"https:\/\/schema.org","@graph":[{"@type":"WebPage","@id":"https:\/\/www.qualidrive.ch\/fr\/prix\/prixsms\/","url":"https:\/\/www.qualidrive.ch\/fr\/prix\/prixsms\/","name":"Prix SMS - QualiDrive by CTM Alder","isPartOf":{"@id":"https:\/\/www.qualidrive.ch\/#website"},"datePublished":"2021-10-15T07:13:05+00:00","dateModified":"2024-04-05T13:23:20+00:00","description":"QualiDrive permet l'envoi de notifications par SMS telles que des rappels, des confirmations, etc. Trouver les prix des SMS ici...","breadcrumb":{"@id":"https:\/\/www.qualidrive.ch\/fr\/prix\/prixsms\/#breadcrumb"},"inLanguage":"fr-FR","potentialAction":[{"@type":"ReadAction","target":["https:\/\/www.qualidrive.ch\/fr\/prix\/prixsms\/"]}]},{"@type":"BreadcrumbList","@id":"https:\/\/www.qualidrive.ch\/fr\/prix\/prixsms\/#breadcrumb","itemListElement":[{"@type":"ListItem","position":1,"name":"Startseite","item":"https:\/\/www.qualidrive.ch\/fr\/"},{"@type":"ListItem","position":2,"name":"Prix &#8211; fonctions, formation, support technique","item":"https:\/\/www.qualidrive.ch\/fr\/prix\/"},{"@type":"ListItem","position":3,"name":"Prix SMS"}]},{"@type":"WebSite","@id":"https:\/\/www.qualidrive.ch\/#website","url":"https:\/\/www.qualidrive.ch\/","name":"QualiDrive by CTM Alder","description":"Software f\u00fcr Fahrschulen","potentialAction":[{"@type":"SearchAction","target":{"@type":"EntryPoint","urlTemplate":"https:\/\/www.qualidrive.ch\/?s={search_term_string}"},"query-input":{"@type":"PropertyValueSpecification","valueRequired":true,"valueName":"search_term_string"}}],"inLanguage":"fr-FR"}]}},"_links":{"self":[{"href":"https:\/\/www.qualidrive.ch\/fr\/wp-json\/wp\/v2\/pages\/13634","targetHints":{"allow":["GET"]}}],"collection":[{"href":"https:\/\/www.qualidrive.ch\/fr\/wp-json\/wp\/v2\/pages"}],"about":[{"href":"https:\/\/www.qualidrive.ch\/fr\/wp-json\/wp\/v2\/types\/page"}],"author":[{"embeddable":true,"href":"https:\/\/www.qualidrive.ch\/fr\/wp-json\/wp\/v2\/users\/3"}],"replies":[{"embeddable":true,"href":"https:\/\/www.qualidrive.ch\/fr\/wp-json\/wp\/v2\/comments?post=13634"}],"version-history":[{"count":2,"href":"https:\/\/www.qualidrive.ch\/fr\/wp-json\/wp\/v2\/pages\/13634\/revisions"}],"predecessor-version":[{"id":14613,"href":"https:\/\/www.qualidrive.ch\/fr\/wp-json\/wp\/v2\/pages\/13634\/revisions\/14613"}],"up":[{"embeddable":true,"href":"https:\/\/www.qualidrive.ch\/fr\/wp-json\/wp\/v2\/pages\/13603"}],"wp:attachment":[{"href":"https:\/\/www.qualidrive.ch\/fr\/wp-json\/wp\/v2\/media?parent=13634"}],"curies":[{"name":"wp","href":"https:\/\/api.w.org\/{rel}","templated":true}]}}