{"id":14456,"date":"2022-12-02T15:10:41","date_gmt":"2022-12-02T15:10:41","guid":{"rendered":"https:\/\/www.qualidrive.ch\/apercu-des-fonctions-supplementaires\/"},"modified":"2024-04-05T13:13:18","modified_gmt":"2024-04-05T13:13:18","slug":"apercu-des-fonctions-supplementaires","status":"publish","type":"page","link":"https:\/\/www.qualidrive.ch\/fr\/apercu-des-fonctions-supplementaires\/","title":{"rendered":"Aper\u00e7u des fonctions suppl\u00e9mentaires"},"content":{"rendered":"<p>[vc_row padding_top=\u00a0\u00bb60&Prime; visibility=\u00a0\u00bbhidden-xs,visible-sm,visible-md,visible-lg,visible-xlg\u00a0\u00bb][vc_column][vc_column_text]<\/p>\n<h1 style=\"text-align: center;\">Aper\u00e7u des fonctions suppl\u00e9mentaires<\/h1>\n<p>[\/vc_column_text][\/vc_column][\/vc_row][vc_row padding_top=\u00a0\u00bb80&Prime; padding_bottom=\u00a0\u00bb\u00a0\u00bb visibility=\u00a0\u00bbhidden-sm,hidden-md,hidden-lg,hidden-xlg,visible-xs\u00a0\u00bb][vc_column][vc_column_text]<\/p>\n<h2 style=\"text-align: center;\">Aper\u00e7u des fonctions suppl\u00e9mentaires<\/h2>\n<p>[\/vc_column_text][\/vc_column][\/vc_row][vc_row content_placement=\u00a0\u00bbbottom\u00a0\u00bb padding_top=\u00a0\u00bb20&Prime; padding_bottom=\u00a0\u00bb\u00a0\u00bb visibility=\u00a0\u00bbhidden-xs,visible-sm,visible-md,visible-lg,visible-xlg\u00a0\u00bb][vc_column width=\u00a0\u00bb1\/3&Prime;][vc_single_image image=\u00a0\u00bb14084&Prime; img_size=\u00a0\u00bbmedium\u00a0\u00bb alignment=\u00a0\u00bbcenter\u00a0\u00bb][\/vc_column][vc_column width=\u00a0\u00bb1\/3&Prime;][vc_single_image image=\u00a0\u00bb14080&Prime; img_size=\u00a0\u00bbmedium\u00a0\u00bb alignment=\u00a0\u00bbcenter\u00a0\u00bb][\/vc_column][vc_column width=\u00a0\u00bb1\/3&Prime;][vc_single_image image=\u00a0\u00bb14082&Prime; img_size=\u00a0\u00bbmedium\u00a0\u00bb alignment=\u00a0\u00bbcenter\u00a0\u00bb][\/vc_column][\/vc_row][vc_row content_placement=\u00a0\u00bbbottom\u00a0\u00bb padding_top=\u00a0\u00bb\u00a0\u00bb padding_bottom=\u00a0\u00bb\u00a0\u00bb visibility=\u00a0\u00bbhidden-xs,visible-sm,visible-md,visible-lg,visible-xlg\u00a0\u00bb][vc_column width=\u00a0\u00bb1\/3&Prime;][vc_column_text]<\/p>\n<h4 style=\"text-align: center;\"><a href=\"https:\/\/www.qualidrive.ch\/fr\/reservation-en-ligne\/\">R\u00e9servation en ligne<\/a><\/h4>\n<p>[\/vc_column_text][\/vc_column][vc_column width=\u00a0\u00bb1\/3&Prime;][vc_column_text]<\/p>\n<h4 style=\"text-align: center;\"><a href=\"https:\/\/www.qualidrive.ch\/fr\/gestion-des-cours\/\">Gestion des cours<\/a><\/h4>\n<p>[\/vc_column_text][\/vc_column][vc_column width=\u00a0\u00bb1\/3&Prime;][vc_column_text]<\/p>\n<h4 style=\"text-align: center;\"><a href=\"https:\/\/www.qualidrive.ch\/fr\/categories-de-formation-supplementaires\/\">Cat\u00e9gories suppl\u00e9mentaires<\/a><\/h4>\n<p>[\/vc_column_text][\/vc_column][\/vc_row][vc_row][vc_column]<div  class=\"kleo-gap\" style=\"height:60px;line-height:60px;\"><\/div>[\/vc_column][\/vc_row][vc_row content_placement=\u00a0\u00bbbottom\u00a0\u00bb padding_top=\u00a0\u00bb\u00a0\u00bb padding_bottom=\u00a0\u00bb\u00a0\u00bb visibility=\u00a0\u00bbhidden-xs,visible-sm,visible-md,visible-lg,visible-xlg\u00a0\u00bb][vc_column width=\u00a0\u00bb1\/3&Prime;][vc_single_image image=\u00a0\u00bb14055&Prime; img_size=\u00a0\u00bbmedium\u00a0\u00bb alignment=\u00a0\u00bbcenter\u00a0\u00bb][\/vc_column][vc_column width=\u00a0\u00bb1\/3&Prime;][vc_single_image image=\u00a0\u00bb14090&Prime; img_size=\u00a0\u00bbmedium\u00a0\u00bb alignment=\u00a0\u00bbcenter\u00a0\u00bb][\/vc_column][vc_column width=\u00a0\u00bb1\/3&Prime;][vc_single_image image=\u00a0\u00bb14099&Prime; img_size=\u00a0\u00bbmedium\u00a0\u00bb alignment=\u00a0\u00bbcenter\u00a0\u00bb][\/vc_column][\/vc_row][vc_row content_placement=\u00a0\u00bbbottom\u00a0\u00bb padding_top=\u00a0\u00bb\u00a0\u00bb padding_bottom=\u00a0\u00bb240&Prime; visibility=\u00a0\u00bbhidden-xs,visible-sm,visible-md,visible-lg,visible-xlg\u00a0\u00bb][vc_column width=\u00a0\u00bb1\/3&Prime;][vc_column_text]<\/p>\n<h4 style=\"text-align: center;\"><a href=\"https:\/\/www.qualidrive.ch\/fr\/paiement-en-ligne\/\">Paiement en ligne<\/a><\/h4>\n<p>[\/vc_column_text][\/vc_column][vc_column width=\u00a0\u00bb1\/3&Prime;][vc_column_text]<\/p>\n<h4 style=\"text-align: center;\"><a href=\"https:\/\/www.qualidrive.ch\/fr\/app-personnalisee-pour-les-eleves\/\">App pour les \u00e9l\u00e8ves conducteurs<\/a><\/h4>\n<p>[\/vc_column_text][\/vc_column][vc_column width=\u00a0\u00bb1\/3&Prime;][vc_column_text]<\/p>\n<h4 style=\"text-align: center;\"><a href=\"https:\/\/www.qualidrive.ch\/fr\/compatibilite-sari\/\">Compatibilit\u00e9 SARI<\/a><\/h4>\n<p>[\/vc_column_text][\/vc_column][\/vc_row][vc_row gap=\u00a0\u00bb35&Prime; content_placement=\u00a0\u00bbbottom\u00a0\u00bb padding_top=\u00a0\u00bb20&Prime; padding_bottom=\u00a0\u00bb\u00a0\u00bb visibility=\u00a0\u00bbhidden-sm,hidden-md,hidden-lg,hidden-xlg,visible-xs\u00a0\u00bb][vc_column width=\u00a0\u00bb1\/3&Prime;][vc_single_image image=\u00a0\u00bb14015&Prime; img_size=\u00a0\u00bbmedium\u00a0\u00bb alignment=\u00a0\u00bbcenter\u00a0\u00bb][vc_column_text css=\u00a0\u00bb.vc_custom_1650898132673{margin-bottom: 60px !important;}\u00a0\u00bb]<\/p>\n<h4 style=\"text-align: center;\"><a href=\"https:\/\/www.qualidrive.ch\/fr\/reservation-en-ligne\/\">R\u00e9servation en ligne<\/a><\/h4>\n<p>[\/vc_column_text][\/vc_column][vc_column width=\u00a0\u00bb1\/3&Prime;][vc_single_image image=\u00a0\u00bb14021&Prime; img_size=\u00a0\u00bbmedium\u00a0\u00bb alignment=\u00a0\u00bbcenter\u00a0\u00bb][vc_column_text css=\u00a0\u00bb.vc_custom_1650898143323{margin-bottom: 60px !important;}\u00a0\u00bb]<\/p>\n<h4 style=\"text-align: center;\"><a href=\"https:\/\/www.qualidrive.ch\/fr\/gestion-des-cours\/\">Gestion des cours<\/a><\/h4>\n<p>[\/vc_column_text][\/vc_column][vc_column width=\u00a0\u00bb1\/3&Prime;][vc_single_image image=\u00a0\u00bb14037&Prime; img_size=\u00a0\u00bbmedium\u00a0\u00bb alignment=\u00a0\u00bbcenter\u00a0\u00bb][vc_column_text css=\u00a0\u00bb.vc_custom_1650898158174{margin-bottom: 60px !important;}\u00a0\u00bb]<\/p>\n<h4 style=\"text-align: center;\"><a href=\"https:\/\/www.qualidrive.ch\/zusaetzliche-ausbildungs-kategorien\/\">Cat\u00e9gories suppl\u00e9mentaires<\/a><\/h4>\n<p>[\/vc_column_text][\/vc_column][\/vc_row][vc_row gap=\u00a0\u00bb35&Prime; content_placement=\u00a0\u00bbbottom\u00a0\u00bb padding_top=\u00a0\u00bb\u00a0\u00bb padding_bottom=\u00a0\u00bb200&Prime; visibility=\u00a0\u00bbhidden-sm,hidden-md,hidden-lg,hidden-xlg,visible-xs\u00a0\u00bb][vc_column width=\u00a0\u00bb1\/3&Prime;][vc_single_image image=\u00a0\u00bb14055&Prime; img_size=\u00a0\u00bbmedium\u00a0\u00bb alignment=\u00a0\u00bbcenter\u00a0\u00bb][vc_column_text css=\u00a0\u00bb.vc_custom_1650898180571{margin-bottom: 60px !important;}\u00a0\u00bb]<\/p>\n<h4 style=\"text-align: center;\"><a href=\"https:\/\/www.qualidrive.ch\/fr\/paiement-en-ligne\/\">Paiement en ligne<\/a><\/h4>\n<p>[\/vc_column_text][\/vc_column][vc_column width=\u00a0\u00bb1\/3&Prime;][vc_single_image image=\u00a0\u00bb13406&Prime; img_size=\u00a0\u00bbmedium\u00a0\u00bb alignment=\u00a0\u00bbcenter\u00a0\u00bb][vc_column_text css=\u00a0\u00bb.vc_custom_1650898196263{margin-bottom: 60px !important;}\u00a0\u00bb]<\/p>\n<h4 style=\"text-align: center;\"><a href=\"https:\/\/www.qualidrive.ch\/fr\/app-personnalisee-pour-les-eleves\/\">App pour les \u00e9l\u00e8ves conducteurs<\/a><\/h4>\n<p>[\/vc_column_text][\/vc_column][vc_column width=\u00a0\u00bb1\/3&Prime;][vc_single_image image=\u00a0\u00bb14069&Prime; img_size=\u00a0\u00bbmedium\u00a0\u00bb alignment=\u00a0\u00bbcenter\u00a0\u00bb][vc_column_text]<\/p>\n<h4 style=\"text-align: center;\"><a href=\"https:\/\/www.qualidrive.ch\/sari-kompatibilitaet\/\">Compatibilit\u00e9 SARI<\/a><\/h4>\n<p>[\/vc_column_text][\/vc_column][\/vc_row]<\/p>\n","protected":false},"excerpt":{"rendered":"<p>[vc_row padding_top=\u00a0\u00bb60&Prime; visibility=\u00a0\u00bbhidden-xs,visible-sm,visible-md,visible-lg,visible-xlg\u00a0\u00bb][vc_column][vc_column_text] Aper\u00e7u des fonctions suppl\u00e9mentaires [\/vc_column_text][\/vc_column][\/vc_row][vc_row padding_top=\u00a0\u00bb80&Prime; padding_bottom=\u00a0\u00bb\u00a0\u00bb visibility=\u00a0\u00bbhidden-sm,hidden-md,hidden-lg,hidden-xlg,visible-xs\u00a0\u00bb][vc_column][vc_column_text] Aper\u00e7u des fonctions suppl\u00e9mentaires [\/vc_column_text][\/vc_column][\/vc_row][vc_row content_placement=\u00a0\u00bbbottom\u00a0\u00bb padding_top=\u00a0\u00bb20&Prime; padding_bottom=\u00a0\u00bb\u00a0\u00bb visibility=\u00a0\u00bbhidden-xs,visible-sm,visible-md,visible-lg,visible-xlg\u00a0\u00bb][vc_column width=\u00a0\u00bb1\/3&Prime;][vc_single_image image=\u00a0\u00bb14084&Prime; img_size=\u00a0\u00bbmedium\u00a0\u00bb alignment=\u00a0\u00bbcenter\u00a0\u00bb][\/vc_column][vc_column width=\u00a0\u00bb1\/3&Prime;][vc_single_image image=\u00a0\u00bb14080&Prime; img_size=\u00a0\u00bbmedium\u00a0\u00bb alignment=\u00a0\u00bbcenter\u00a0\u00bb][\/vc_column][vc_column width=\u00a0\u00bb1\/3&Prime;][vc_single_image image=\u00a0\u00bb14082&Prime; img_size=\u00a0\u00bbmedium\u00a0\u00bb alignment=\u00a0\u00bbcenter\u00a0\u00bb][\/vc_column][\/vc_row][vc_row content_placement=\u00a0\u00bbbottom\u00a0\u00bb padding_top=\u00a0\u00bb\u00a0\u00bb padding_bottom=\u00a0\u00bb\u00a0\u00bb visibility=\u00a0\u00bbhidden-xs,visible-sm,visible-md,visible-lg,visible-xlg\u00a0\u00bb][vc_column width=\u00a0\u00bb1\/3&Prime;][vc_column_text] R\u00e9servation en ligne [\/vc_column_text][\/vc_column][vc_column width=\u00a0\u00bb1\/3&Prime;][vc_column_text] Gestion des cours [\/vc_column_text][\/vc_column][vc_column width=\u00a0\u00bb1\/3&Prime;][vc_column_text] Cat\u00e9gories suppl\u00e9mentaires [\/vc_column_text][\/vc_column][\/vc_row][vc_row][vc_column][\/vc_column][\/vc_row][vc_row content_placement=\u00a0\u00bbbottom\u00a0\u00bb padding_top=\u00a0\u00bb\u00a0\u00bb padding_bottom=\u00a0\u00bb\u00a0\u00bb visibility=\u00a0\u00bbhidden-xs,visible-sm,visible-md,visible-lg,visible-xlg\u00a0\u00bb][vc_column width=\u00a0\u00bb1\/3&Prime;][vc_single_image image=\u00a0\u00bb14055&Prime; img_size=\u00a0\u00bbmedium\u00a0\u00bb alignment=\u00a0\u00bbcenter\u00a0\u00bb][\/vc_column][vc_column width=\u00a0\u00bb1\/3&Prime;][vc_single_image image=\u00a0\u00bb14090&Prime; [&hellip;]<\/p>\n","protected":false},"author":3,"featured_media":0,"parent":0,"menu_order":0,"comment_status":"closed","ping_status":"closed","template":"","meta":{"footnotes":""},"class_list":["post-14456","page","type-page","status-publish","hentry"],"yoast_head":"<!-- This site is optimized with the Yoast SEO plugin v27.3 - https:\/\/yoast.com\/product\/yoast-seo-wordpress\/ -->\n<title>Aper\u00e7u des fonctions suppl\u00e9mentaires - QualiDrive by CTM Alder<\/title>\n<meta name=\"description\" content=\"Apprenez-en plus sur les fonctions suppl\u00e9mentaires de QualiDrive telles que la r\u00e9servation en ligne, la gestion des cours, le paiement en ligne, l&#039;application pour les \u00e9tudiants, etc.\" \/>\n<meta name=\"robots\" content=\"index, follow, max-snippet:-1, max-image-preview:large, max-video-preview:-1\" \/>\n<link rel=\"canonical\" href=\"https:\/\/www.qualidrive.ch\/fr\/apercu-des-fonctions-supplementaires\/\" \/>\n<meta property=\"og:locale\" content=\"fr_FR\" \/>\n<meta property=\"og:type\" content=\"article\" \/>\n<meta property=\"og:title\" content=\"Aper\u00e7u des fonctions suppl\u00e9mentaires - QualiDrive by CTM Alder\" \/>\n<meta property=\"og:description\" content=\"Apprenez-en plus sur les fonctions suppl\u00e9mentaires de QualiDrive telles que la r\u00e9servation en ligne, la gestion des cours, le paiement en ligne, l&#039;application pour les \u00e9tudiants, etc.\" \/>\n<meta property=\"og:url\" content=\"https:\/\/www.qualidrive.ch\/fr\/apercu-des-fonctions-supplementaires\/\" \/>\n<meta property=\"og:site_name\" content=\"QualiDrive by CTM Alder\" \/>\n<meta property=\"article:modified_time\" content=\"2024-04-05T13:13:18+00:00\" \/>\n<meta name=\"twitter:card\" content=\"summary_large_image\" \/>\n<meta name=\"twitter:label1\" content=\"Dur\u00e9e de lecture estim\u00e9e\" \/>\n\t<meta name=\"twitter:data1\" content=\"1 minute\" \/>\n<script type=\"application\/ld+json\" class=\"yoast-schema-graph\">{\"@context\":\"https:\\\/\\\/schema.org\",\"@graph\":[{\"@type\":\"WebPage\",\"@id\":\"https:\\\/\\\/www.qualidrive.ch\\\/fr\\\/apercu-des-fonctions-supplementaires\\\/\",\"url\":\"https:\\\/\\\/www.qualidrive.ch\\\/fr\\\/apercu-des-fonctions-supplementaires\\\/\",\"name\":\"Aper\u00e7u des fonctions suppl\u00e9mentaires - QualiDrive by CTM Alder\",\"isPartOf\":{\"@id\":\"https:\\\/\\\/www.qualidrive.ch\\\/#website\"},\"datePublished\":\"2022-12-02T15:10:41+00:00\",\"dateModified\":\"2024-04-05T13:13:18+00:00\",\"description\":\"Apprenez-en plus sur les fonctions suppl\u00e9mentaires de QualiDrive telles que la r\u00e9servation en ligne, la gestion des cours, le paiement en ligne, l'application pour les \u00e9tudiants, etc.\",\"breadcrumb\":{\"@id\":\"https:\\\/\\\/www.qualidrive.ch\\\/fr\\\/apercu-des-fonctions-supplementaires\\\/#breadcrumb\"},\"inLanguage\":\"fr-FR\",\"potentialAction\":[{\"@type\":\"ReadAction\",\"target\":[\"https:\\\/\\\/www.qualidrive.ch\\\/fr\\\/apercu-des-fonctions-supplementaires\\\/\"]}]},{\"@type\":\"BreadcrumbList\",\"@id\":\"https:\\\/\\\/www.qualidrive.ch\\\/fr\\\/apercu-des-fonctions-supplementaires\\\/#breadcrumb\",\"itemListElement\":[{\"@type\":\"ListItem\",\"position\":1,\"name\":\"Startseite\",\"item\":\"https:\\\/\\\/www.qualidrive.ch\\\/fr\\\/\"},{\"@type\":\"ListItem\",\"position\":2,\"name\":\"Aper\u00e7u des fonctions suppl\u00e9mentaires\"}]},{\"@type\":\"WebSite\",\"@id\":\"https:\\\/\\\/www.qualidrive.ch\\\/#website\",\"url\":\"https:\\\/\\\/www.qualidrive.ch\\\/\",\"name\":\"QualiDrive by CTM Alder\",\"description\":\"Software f\u00fcr Fahrschulen\",\"potentialAction\":[{\"@type\":\"SearchAction\",\"target\":{\"@type\":\"EntryPoint\",\"urlTemplate\":\"https:\\\/\\\/www.qualidrive.ch\\\/?s={search_term_string}\"},\"query-input\":{\"@type\":\"PropertyValueSpecification\",\"valueRequired\":true,\"valueName\":\"search_term_string\"}}],\"inLanguage\":\"fr-FR\"}]}<\/script>\n<!-- \/ Yoast SEO plugin. -->","yoast_head_json":{"title":"Aper\u00e7u des fonctions suppl\u00e9mentaires - QualiDrive by CTM Alder","description":"Apprenez-en plus sur les fonctions suppl\u00e9mentaires de QualiDrive telles que la r\u00e9servation en ligne, la gestion des cours, le paiement en ligne, l'application pour les \u00e9tudiants, etc.","robots":{"index":"index","follow":"follow","max-snippet":"max-snippet:-1","max-image-preview":"max-image-preview:large","max-video-preview":"max-video-preview:-1"},"canonical":"https:\/\/www.qualidrive.ch\/fr\/apercu-des-fonctions-supplementaires\/","og_locale":"fr_FR","og_type":"article","og_title":"Aper\u00e7u des fonctions suppl\u00e9mentaires - QualiDrive by CTM Alder","og_description":"Apprenez-en plus sur les fonctions suppl\u00e9mentaires de QualiDrive telles que la r\u00e9servation en ligne, la gestion des cours, le paiement en ligne, l'application pour les \u00e9tudiants, etc.","og_url":"https:\/\/www.qualidrive.ch\/fr\/apercu-des-fonctions-supplementaires\/","og_site_name":"QualiDrive by CTM Alder","article_modified_time":"2024-04-05T13:13:18+00:00","twitter_card":"summary_large_image","twitter_misc":{"Dur\u00e9e de lecture estim\u00e9e":"1 minute"},"schema":{"@context":"https:\/\/schema.org","@graph":[{"@type":"WebPage","@id":"https:\/\/www.qualidrive.ch\/fr\/apercu-des-fonctions-supplementaires\/","url":"https:\/\/www.qualidrive.ch\/fr\/apercu-des-fonctions-supplementaires\/","name":"Aper\u00e7u des fonctions suppl\u00e9mentaires - QualiDrive by CTM Alder","isPartOf":{"@id":"https:\/\/www.qualidrive.ch\/#website"},"datePublished":"2022-12-02T15:10:41+00:00","dateModified":"2024-04-05T13:13:18+00:00","description":"Apprenez-en plus sur les fonctions suppl\u00e9mentaires de QualiDrive telles que la r\u00e9servation en ligne, la gestion des cours, le paiement en ligne, l'application pour les \u00e9tudiants, etc.","breadcrumb":{"@id":"https:\/\/www.qualidrive.ch\/fr\/apercu-des-fonctions-supplementaires\/#breadcrumb"},"inLanguage":"fr-FR","potentialAction":[{"@type":"ReadAction","target":["https:\/\/www.qualidrive.ch\/fr\/apercu-des-fonctions-supplementaires\/"]}]},{"@type":"BreadcrumbList","@id":"https:\/\/www.qualidrive.ch\/fr\/apercu-des-fonctions-supplementaires\/#breadcrumb","itemListElement":[{"@type":"ListItem","position":1,"name":"Startseite","item":"https:\/\/www.qualidrive.ch\/fr\/"},{"@type":"ListItem","position":2,"name":"Aper\u00e7u des fonctions suppl\u00e9mentaires"}]},{"@type":"WebSite","@id":"https:\/\/www.qualidrive.ch\/#website","url":"https:\/\/www.qualidrive.ch\/","name":"QualiDrive by CTM Alder","description":"Software f\u00fcr Fahrschulen","potentialAction":[{"@type":"SearchAction","target":{"@type":"EntryPoint","urlTemplate":"https:\/\/www.qualidrive.ch\/?s={search_term_string}"},"query-input":{"@type":"PropertyValueSpecification","valueRequired":true,"valueName":"search_term_string"}}],"inLanguage":"fr-FR"}]}},"_links":{"self":[{"href":"https:\/\/www.qualidrive.ch\/fr\/wp-json\/wp\/v2\/pages\/14456","targetHints":{"allow":["GET"]}}],"collection":[{"href":"https:\/\/www.qualidrive.ch\/fr\/wp-json\/wp\/v2\/pages"}],"about":[{"href":"https:\/\/www.qualidrive.ch\/fr\/wp-json\/wp\/v2\/types\/page"}],"author":[{"embeddable":true,"href":"https:\/\/www.qualidrive.ch\/fr\/wp-json\/wp\/v2\/users\/3"}],"replies":[{"embeddable":true,"href":"https:\/\/www.qualidrive.ch\/fr\/wp-json\/wp\/v2\/comments?post=14456"}],"version-history":[{"count":4,"href":"https:\/\/www.qualidrive.ch\/fr\/wp-json\/wp\/v2\/pages\/14456\/revisions"}],"predecessor-version":[{"id":14572,"href":"https:\/\/www.qualidrive.ch\/fr\/wp-json\/wp\/v2\/pages\/14456\/revisions\/14572"}],"wp:attachment":[{"href":"https:\/\/www.qualidrive.ch\/fr\/wp-json\/wp\/v2\/media?parent=14456"}],"curies":[{"name":"wp","href":"https:\/\/api.w.org\/{rel}","templated":true}]}}