{"id":14489,"date":"2023-02-24T15:36:51","date_gmt":"2023-02-24T15:36:51","guid":{"rendered":"https:\/\/www.qualidrive.ch\/compatibilite-sari\/"},"modified":"2025-03-05T10:06:40","modified_gmt":"2025-03-05T10:06:40","slug":"compatibilite-sari","status":"publish","type":"page","link":"https:\/\/www.qualidrive.ch\/fr\/compatibilite-sari\/","title":{"rendered":"Compatibilit\u00e9 SARI"},"content":{"rendered":"<p>[vc_row full_height=\u00a0\u00bbyes\u00a0\u00bb inner_container=\u00a0\u00bbno\u00a0\u00bb text_align=\u00a0\u00bbcenter\u00a0\u00bb text_color=\u00a0\u00bb#ffffff\u00a0\u00bb type=\u00a0\u00bbimage\u00a0\u00bb bg_gradient=\u00a0\u00bbyes\u00a0\u00bb bg_position_horizontal=\u00a0\u00bbcenter\u00a0\u00bb enable_parallax=\u00a0\u00bbfalse\u00a0\u00bb column_gap=\u00a0\u00bbno\u00a0\u00bb padding_top=\u00a0\u00bb10&Prime; padding_bottom=\u00a0\u00bb\u00a0\u00bb visibility=\u00a0\u00bbhidden-xs,visible-sm,visible-md,visible-lg,visible-xlg\u00a0\u00bb bg_image=\u00a0\u00bb14099&Prime;][vc_column][vc_column_text]<\/p>\n<h1 style=\"text-align: center;\">Compatibilit\u00e9 SARI<\/h1>\n<h2 style=\"text-align: center;\">en coop\u00e9ration avec Kyberna<\/h2>\n<p>[\/vc_column_text][\/vc_column][\/vc_row][vc_row full_height=\u00a0\u00bbyes\u00a0\u00bb inner_container=\u00a0\u00bbno\u00a0\u00bb text_align=\u00a0\u00bbcenter\u00a0\u00bb text_color=\u00a0\u00bb#ffffff\u00a0\u00bb type=\u00a0\u00bbimage\u00a0\u00bb bg_gradient=\u00a0\u00bbyes\u00a0\u00bb bg_position=\u00a0\u00bbcenter\u00a0\u00bb bg_position_horizontal=\u00a0\u00bbcenter\u00a0\u00bb enable_parallax=\u00a0\u00bbfalse\u00a0\u00bb column_gap=\u00a0\u00bbno\u00a0\u00bb padding_top=\u00a0\u00bb10&Prime; padding_bottom=\u00a0\u00bb\u00a0\u00bb visibility=\u00a0\u00bbhidden-sm,hidden-md,hidden-lg,hidden-xlg,visible-xs\u00a0\u00bb bg_image=\u00a0\u00bb14145&Prime;][vc_column][vc_column_text]<\/p>\n<h2 style=\"text-align: center;\">Compatibilit\u00e9 SARI<\/h2>\n<h3 style=\"text-align: center;\">en coop\u00e9ration avec Kyberna<\/h3>\n<p>[\/vc_column_text][\/vc_column][\/vc_row][vc_row padding_top=\u00a0\u00bb120&Prime; padding_bottom=\u00a0\u00bb60&Prime;][vc_column][vc_column_text]<\/p>\n<h3>Compatibilit\u00e9 SARI (en coop\u00e9ration avec Kyberna)<\/h3>\n<h5>Gestion des cours avec une synchronisation SARI tr\u00e8s efficace ou saisie simple et rapide de nouveaux \u00e9l\u00e8ves ou participants aux cours avec un num\u00e9ro FABER. La compatibilit\u00e9 SARI de QualiDrive le rend possible !<\/h5>\n<p>[\/vc_column_text][\/vc_column][\/vc_row][vc_row content_placement=\u00a0\u00bbmiddle\u00a0\u00bb text_color=\u00a0\u00bb#000000&Prime; type=\u00a0\u00bbcolor\u00a0\u00bb bg_color=\u00a0\u00bb#ffffff\u00a0\u00bb padding_top=\u00a0\u00bb10&Prime; padding_bottom=\u00a0\u00bb120&Prime;][vc_column]<style>#btn_69f598d3bb73a:hover {background-color: #ffffff !important;color: #209bd8 !important;border-color: #209bd8 !important;}<\/style><div class=\"text-center\"><a class=\"btn no-border-radius btn-custom btn-xl\" href=\"https:\/\/www.qualidrive.ch\/fr\/ensavoirplus\/\" style=\"background-color: #209bd8;color: #ffffff;border-color: #209bd8;\"id=\"btn_69f598d3bb73a\">Obtenir des conseils<\/a><\/div>[\/vc_column][\/vc_row][vc_row type=\u00a0\u00bbcolor\u00a0\u00bb bg_color=\u00a0\u00bb#0090d8&Prime; padding_bottom=\u00a0\u00bb60&Prime; visibility=\u00a0\u00bbhidden-xs,visible-sm,visible-md,visible-lg,visible-xlg\u00a0\u00bb][vc_column][vc_column_text text_color=\u00a0\u00bb#ffffff\u00a0\u00bb]<\/p>\n<h3><span style=\"color: #ffffff;\">Compatibilit\u00e9 SARI<\/span><\/h3>\n<p>[\/vc_column_text][vc_tta_accordion style=\u00a0\u00bbmodern\u00a0\u00bb shape=\u00a0\u00bbsquare\u00a0\u00bb color=\u00a0\u00bbwhite\u00a0\u00bb spacing=\u00a0\u00bb15&Prime; c_icon=\u00a0\u00bbtriangle\u00a0\u00bb active_section=\u00a0\u00bb1&Prime; collapsible_all=\u00a0\u00bbtrue\u00a0\u00bb][vc_tta_section title=\u00a0\u00bbLicence d&rsquo;interface SARI de Kyberna\u00a0\u00bb tab_id=\u00a0\u00bb1650531039339-2108ef37-e98b\u00a0\u00bb][vc_column_text]Depuis 2005, l&rsquo;entreprise Kyberna est le responsable officiel du SARI (syst\u00e8me d&rsquo;administration, d&rsquo;enregistrement et d&rsquo;information) de l&rsquo;asa (Association suisse des services des automobiles). QualiDrive a \u00e9t\u00e9 pr\u00e9par\u00e9 en coop\u00e9ration avec Kyberna pour la synchronisation avec SARI selon les interfaces officielles pour VKU, PGS, WAB, CZV. D&rsquo;autres types de formation se rapportant \u00e0 l&rsquo;OWB, comme par exemple le perfectionnement des moniteurs de conduite, sont \u00e9tendus sur demande en fonction des clients.<\/p>\n<p><strong>Pour activer la synchronisation entre QualiDrive et SARI, une licence d&rsquo;interface est n\u00e9cessaire pour chaque \u00e9cole de conduite. <\/strong> Pour des raisons juridiques, celle-ci doit \u00eatre acquise directement aupr\u00e8s de l&rsquo;entreprise Kyberna par auto-\u00e9cole ou organisateur de cours autoris\u00e9. La condition pr\u00e9alable est toujours que l&rsquo;\u00e9cole de conduite ou l&rsquo;organisateur de cours correspondant soit d\u00e9j\u00e0 <strong>un centre de formation reconnu par l&rsquo;asa.<\/strong><\/p>\n<p>Les partenaires QualiDrive int\u00e9ress\u00e9s sont enti\u00e8rement accompagn\u00e9s par CTM Alder dans cette d\u00e9marche.[\/vc_column_text][\/vc_tta_section][\/vc_tta_accordion][\/vc_column][\/vc_row][vc_row type=\u00a0\u00bbcolor\u00a0\u00bb bg_color=\u00a0\u00bb#0090d8&Prime; padding_bottom=\u00a0\u00bb60&Prime; visibility=\u00a0\u00bbhidden-sm,hidden-md,hidden-lg,hidden-xlg,visible-xs\u00a0\u00bb][vc_column][vc_column_text text_color=\u00a0\u00bb#ffffff\u00a0\u00bb]<\/p>\n<h3><span style=\"color: #ffffff;\">Compatibilit\u00e9 SARI<\/span><\/h3>\n<p>[\/vc_column_text][vc_tta_accordion style=\u00a0\u00bbmodern\u00a0\u00bb shape=\u00a0\u00bbsquare\u00a0\u00bb color=\u00a0\u00bbwhite\u00a0\u00bb spacing=\u00a0\u00bb5&Prime; c_icon=\u00a0\u00bbtriangle\u00a0\u00bb active_section=\u00a0\u00bb1&Prime; collapsible_all=\u00a0\u00bbtrue\u00a0\u00bb][vc_tta_section title=\u00a0\u00bbLicence d&rsquo;interface SARI de Kyberna\u00a0\u00bb tab_id=\u00a0\u00bb1650613698846-33547864-4267&Prime;][vc_column_text]Depuis 2005, l&rsquo;entreprise Kyberna est le responsable officiel du SARI (syst\u00e8me d&rsquo;administration, d&rsquo;enregistrement et d&rsquo;information) de l&rsquo;asa (Association suisse des services des automobiles). QualiDrive a \u00e9t\u00e9 pr\u00e9par\u00e9 en coop\u00e9ration avec Kyberna pour la synchronisation avec SARI selon les interfaces officielles pour VKU, PGS, WAB, CZV. D&rsquo;autres types de formation se rapportant \u00e0 l&rsquo;OWB, comme par exemple le perfectionnement des moniteurs de conduite, sont \u00e9tendus sur demande en fonction des clients.<\/p>\n<p><strong>Pour activer la synchronisation entre QualiDrive et SARI, une licence d&rsquo;interface est n\u00e9cessaire pour chaque \u00e9cole de conduite. <\/strong> Pour des raisons juridiques, celle-ci doit \u00eatre acquise directement aupr\u00e8s de l&rsquo;entreprise Kyberna par auto-\u00e9cole ou organisateur de cours autoris\u00e9. La condition pr\u00e9alable est toujours que l&rsquo;\u00e9cole de conduite ou l&rsquo;organisateur de cours correspondant soit d\u00e9j\u00e0 <strong>un centre de formation reconnu par l&rsquo;asa.<\/strong><\/p>\n<p>Les partenaires QualiDrive int\u00e9ress\u00e9s sont enti\u00e8rement accompagn\u00e9s par CTM Alder dans cette d\u00e9marche.[\/vc_column_text][\/vc_tta_section][\/vc_tta_accordion][\/vc_column][\/vc_row][vc_row padding_top=\u00a0\u00bb120&Prime; padding_bottom=\u00a0\u00bb120&Prime; visibility=\u00a0\u00bbhidden-xs,visible-sm,visible-md,visible-lg,visible-xlg\u00a0\u00bb][vc_column][vc_single_image image=\u00a0\u00bb14044&Prime; img_size=\u00a0\u00bb500&#215;625&Prime; alignment=\u00a0\u00bbcenter\u00a0\u00bb][\/vc_column][\/vc_row][vc_row padding_top=\u00a0\u00bb120&Prime; padding_bottom=\u00a0\u00bb120&Prime; visibility=\u00a0\u00bbhidden-sm,hidden-md,hidden-lg,hidden-xlg,visible-xs\u00a0\u00bb][vc_column][vc_single_image image=\u00a0\u00bb14044&Prime; img_size=\u00a0\u00bblarge\u00a0\u00bb alignment=\u00a0\u00bbcenter\u00a0\u00bb][\/vc_column][\/vc_row][vc_row equal_height=\u00a0\u00bbyes\u00a0\u00bb content_placement=\u00a0\u00bbmiddle\u00a0\u00bb text_color=\u00a0\u00bb#ffffff\u00a0\u00bb type=\u00a0\u00bbcolor\u00a0\u00bb bg_color=\u00a0\u00bb#209bd8&Prime; vertical_align=\u00a0\u00bbyes\u00a0\u00bb padding_top=\u00a0\u00bb60&Prime; padding_bottom=\u00a0\u00bb60&Prime; visibility=\u00a0\u00bbhidden-xs,visible-sm,visible-md,visible-lg,visible-xlg\u00a0\u00bb][vc_column width=\u00a0\u00bb1\/2&Prime;][vc_column_text]<\/p>\n<h4>Un entretien de conseil sans engagement ? Nous nous en r\u00e9jouissons !<\/h4>\n<h6>Lisa Strauss est responsable des ventes et des partenariats chez CTM Alder et se fera un plaisir d&rsquo;\u00eatre votre interlocutrice personnelle. Nous vous conseillons sans engagement, partageons avec vous nos exp\u00e9riences et trouvons la solution qui vous convient.<\/h6>\n<h3><\/h3>\n<p>[\/vc_column_text]<style>#btn_69f598d3bb85e:hover {background-color: #ffffff !important;color: #209bd8 !important;border-color: #ffffff !important;}<\/style><div class=\"text-left\"><a class=\"btn no-border-radius btn-custom btn-xl\" href=\"https:\/\/www.qualidrive.ch\/fr\/ensavoirplus\/\" target=\"_blank\" style=\"background-color: #ffffff;color: #209bd8;border-color: #ffffff;\"id=\"btn_69f598d3bb85e\">Obtenir des conseils<\/a><\/div>[vc_column_text text_color=\u00a0\u00bb#ffffff\u00a0\u00bb]<\/p>\n<h6 style=\"text-align: left;\">Ou simplement appeler <span style=\"color: #3366ff;\"><a style=\"color: #3366ff;\" href=\"tel:+41325885010\">032 588 50 10<\/a><\/span><\/h6>\n<p>[\/vc_column_text][\/vc_column][vc_column width=\u00a0\u00bb1\/2&Prime;][vc_single_image image=\u00a0\u00bb13272&Prime; img_size=\u00a0\u00bbmedium\u00a0\u00bb alignment=\u00a0\u00bbcenter\u00a0\u00bb style=\u00a0\u00bbvc_box_rounded\u00a0\u00bb][\/vc_column][\/vc_row][vc_row gap=\u00a0\u00bb30&Prime; equal_height=\u00a0\u00bbyes\u00a0\u00bb content_placement=\u00a0\u00bbmiddle\u00a0\u00bb text_color=\u00a0\u00bb#ffffff\u00a0\u00bb type=\u00a0\u00bbcolor\u00a0\u00bb bg_color=\u00a0\u00bb#209bd8&Prime; vertical_align=\u00a0\u00bbyes\u00a0\u00bb padding_top=\u00a0\u00bb60&Prime; padding_bottom=\u00a0\u00bb60&Prime; visibility=\u00a0\u00bbhidden-sm,hidden-md,hidden-lg,hidden-xlg,visible-xs\u00a0\u00bb][vc_column width=\u00a0\u00bb1\/2&Prime;][vc_column_text]<\/p>\n<h4 style=\"text-align: center;\">Un entretien de conseil sans engagement ?<br \/>\nNous nous en r\u00e9jouissons !<\/h4>\n<h6 style=\"text-align: center;\">Lisa Strauss est responsable des ventes et des partenariats chez CTM Alder et se fera un plaisir d&rsquo;\u00eatre votre interlocutrice personnelle. Nous vous conseillons sans engagement, partageons avec vous nos exp\u00e9riences et trouvons la solution qui vous convient.<\/h6>\n<h3><\/h3>\n<p>[\/vc_column_text]<style>#btn_69f598d3bb937:hover {background-color: #ffffff !important;color: #209bd8 !important;border-color: #ffffff !important;}<\/style><div class=\"text-center\"><a class=\"btn no-border-radius btn-custom btn-lg\" href=\"https:\/\/www.qualidrive.ch\/fr\/ensavoirplus\/\" target=\"_blank\" style=\"background-color: #ffffff;color: #209bd8;border-color: #ffffff;\"id=\"btn_69f598d3bb937\">Obtenir des conseils<\/a><\/div>[vc_column_text text_color=\u00a0\u00bb#ffffff\u00a0\u00bb]<\/p>\n<h6 style=\"text-align: center;\">Ou simplement appeler\u00a0<span style=\"color: #3366ff;\"><a style=\"color: #3366ff;\" href=\"tel:+41325885010\">032 588 50 10<\/a><\/span><\/h6>\n<p>[\/vc_column_text][\/vc_column][vc_column width=\u00a0\u00bb1\/2&Prime;][vc_single_image image=\u00a0\u00bb13272&Prime; img_size=\u00a0\u00bbmedium\u00a0\u00bb alignment=\u00a0\u00bbcenter\u00a0\u00bb style=\u00a0\u00bbvc_box_rounded\u00a0\u00bb][\/vc_column][\/vc_row][vc_row type=\u00a0\u00bbcolor\u00a0\u00bb bg_color=\u00a0\u00bb#ffffff\u00a0\u00bb padding_top=\u00a0\u00bb120&Prime; padding_bottom=\u00a0\u00bb10&Prime;][vc_column][vc_column_text text_color=\u00a0\u00bb#000000&Prime;]<\/p>\n<h3 style=\"text-align: center;\">Des partenaires qui nous font confiance<\/h3>\n<p>[\/vc_column_text][\/vc_column][\/vc_row][vc_row content_placement=\u00a0\u00bbmiddle\u00a0\u00bb text_align=\u00a0\u00bbcenter\u00a0\u00bb type=\u00a0\u00bbcolor\u00a0\u00bb bg_color=\u00a0\u00bb#ffffff\u00a0\u00bb padding_top=\u00a0\u00bb\u00a0\u00bb padding_bottom=\u00a0\u00bb120&Prime; visibility=\u00a0\u00bbhidden-xs,hidden-sm,visible-md,visible-lg,visible-xlg\u00a0\u00bb][vc_column width=\u00a0\u00bb1\/4&Prime;][vc_single_image image=\u00a0\u00bb13278&Prime; alignment=\u00a0\u00bbcenter\u00a0\u00bb][\/vc_column][vc_column width=\u00a0\u00bb1\/4&Prime;][vc_single_image image=\u00a0\u00bb14574&Prime; alignment=\u00a0\u00bbcenter\u00a0\u00bb][\/vc_column][vc_column width=\u00a0\u00bb1\/4&Prime;][vc_single_image image=\u00a0\u00bb14994&Prime; alignment=\u00a0\u00bbcenter\u00a0\u00bb][\/vc_column][vc_column width=\u00a0\u00bb1\/4&Prime;][vc_single_image image=\u00a0\u00bb15354&Prime; alignment=\u00a0\u00bbcenter\u00a0\u00bb][\/vc_column][\/vc_row][vc_row type=\u00a0\u00bbcolor\u00a0\u00bb bg_color=\u00a0\u00bb#ffffff\u00a0\u00bb padding_bottom=\u00a0\u00bb120&Prime; visibility=\u00a0\u00bbhidden-md,hidden-lg,hidden-xlg,visible-xs,visible-sm\u00a0\u00bb][vc_column][vc_tta_pageable no_fill_content_area=\u00a0\u00bb1&Prime; autoplay=\u00a0\u00bb2&Prime; active_section=\u00a0\u00bb1&Prime;][vc_tta_section title=\u00a0\u00bbDomaine de contenu 1&Prime; tab_id=\u00a0\u00bb1614762350618-657c4639-6d77&Prime;][vc_single_image image=\u00a0\u00bb13278&Prime; alignment=\u00a0\u00bbcenter\u00a0\u00bb][\/vc_tta_section][vc_tta_section title=\u00a0\u00bbDomaine de contenu 2&Prime; tab_id=\u00a0\u00bb1614762350699-7409a4a9-a0f4&Prime;][vc_single_image image=\u00a0\u00bb14574&Prime; alignment=\u00a0\u00bbcenter\u00a0\u00bb][\/vc_tta_section][vc_tta_section title=\u00a0\u00bbDomaine de contenu\u00a0\u00bb tab_id=\u00a0\u00bb1614762354150-1fb89f59-fa3d\u00a0\u00bb][vc_single_image image=\u00a0\u00bb14994&Prime; alignment=\u00a0\u00bbcenter\u00a0\u00bb][\/vc_tta_section][vc_tta_section title=\u00a0\u00bbDomaine de contenu\u00a0\u00bb tab_id=\u00a0\u00bb1614762357720-65254138-eb7d\u00a0\u00bb][vc_single_image image=\u00a0\u00bb15354&Prime; alignment=\u00a0\u00bbcenter\u00a0\u00bb][\/vc_tta_section][\/vc_tta_pageable][\/vc_column][\/vc_row][vc_row][vc_column][\/vc_column][\/vc_row]<\/p>\n","protected":false},"excerpt":{"rendered":"<p>[vc_row full_height=\u00a0\u00bbyes\u00a0\u00bb inner_container=\u00a0\u00bbno\u00a0\u00bb text_align=\u00a0\u00bbcenter\u00a0\u00bb text_color=\u00a0\u00bb#ffffff\u00a0\u00bb type=\u00a0\u00bbimage\u00a0\u00bb bg_gradient=\u00a0\u00bbyes\u00a0\u00bb bg_position_horizontal=\u00a0\u00bbcenter\u00a0\u00bb enable_parallax=\u00a0\u00bbfalse\u00a0\u00bb column_gap=\u00a0\u00bbno\u00a0\u00bb padding_top=\u00a0\u00bb10&Prime; padding_bottom=\u00a0\u00bb\u00a0\u00bb visibility=\u00a0\u00bbhidden-xs,visible-sm,visible-md,visible-lg,visible-xlg\u00a0\u00bb bg_image=\u00a0\u00bb14099&Prime;][vc_column][vc_column_text] Compatibilit\u00e9 SARI en coop\u00e9ration avec Kyberna [\/vc_column_text][\/vc_column][\/vc_row][vc_row full_height=\u00a0\u00bbyes\u00a0\u00bb inner_container=\u00a0\u00bbno\u00a0\u00bb text_align=\u00a0\u00bbcenter\u00a0\u00bb text_color=\u00a0\u00bb#ffffff\u00a0\u00bb type=\u00a0\u00bbimage\u00a0\u00bb bg_gradient=\u00a0\u00bbyes\u00a0\u00bb bg_position=\u00a0\u00bbcenter\u00a0\u00bb bg_position_horizontal=\u00a0\u00bbcenter\u00a0\u00bb enable_parallax=\u00a0\u00bbfalse\u00a0\u00bb column_gap=\u00a0\u00bbno\u00a0\u00bb padding_top=\u00a0\u00bb10&Prime; padding_bottom=\u00a0\u00bb\u00a0\u00bb visibility=\u00a0\u00bbhidden-sm,hidden-md,hidden-lg,hidden-xlg,visible-xs\u00a0\u00bb bg_image=\u00a0\u00bb14145&Prime;][vc_column][vc_column_text] Compatibilit\u00e9 SARI en coop\u00e9ration avec Kyberna [\/vc_column_text][\/vc_column][\/vc_row][vc_row padding_top=\u00a0\u00bb120&Prime; padding_bottom=\u00a0\u00bb60&Prime;][vc_column][vc_column_text] Compatibilit\u00e9 SARI (en coop\u00e9ration avec Kyberna) Gestion des cours avec une synchronisation SARI tr\u00e8s efficace ou [&hellip;]<\/p>\n","protected":false},"author":3,"featured_media":0,"parent":0,"menu_order":0,"comment_status":"closed","ping_status":"closed","template":"","meta":{"footnotes":""},"class_list":["post-14489","page","type-page","status-publish","hentry"],"yoast_head":"<!-- This site is optimized with the Yoast SEO plugin v27.5 - https:\/\/yoast.com\/product\/yoast-seo-wordpress\/ -->\n<title>Compatibilit\u00e9 SARI - QualiDrive by CTM Alder<\/title>\n<meta name=\"description\" content=\"Logiciel d&#039;auto-\u00e9cole avec interface SARI ? QualiDrive le rend possible, en coop\u00e9ration avec Kyberna... En savoir plus maintenant !\" \/>\n<meta name=\"robots\" content=\"index, follow, max-snippet:-1, max-image-preview:large, max-video-preview:-1\" \/>\n<link rel=\"canonical\" href=\"https:\/\/www.qualidrive.ch\/fr\/compatibilite-sari\/\" \/>\n<meta property=\"og:locale\" content=\"fr_FR\" \/>\n<meta property=\"og:type\" content=\"article\" \/>\n<meta property=\"og:title\" content=\"Compatibilit\u00e9 SARI - QualiDrive by CTM Alder\" \/>\n<meta property=\"og:description\" content=\"Logiciel d&#039;auto-\u00e9cole avec interface SARI ? QualiDrive le rend possible, en coop\u00e9ration avec Kyberna... En savoir plus maintenant !\" \/>\n<meta property=\"og:url\" content=\"https:\/\/www.qualidrive.ch\/fr\/compatibilite-sari\/\" \/>\n<meta property=\"og:site_name\" content=\"QualiDrive by CTM Alder\" \/>\n<meta property=\"article:modified_time\" content=\"2025-03-05T10:06:40+00:00\" \/>\n<meta name=\"twitter:card\" content=\"summary_large_image\" \/>\n<meta name=\"twitter:label1\" content=\"Dur\u00e9e de lecture estim\u00e9e\" \/>\n\t<meta name=\"twitter:data1\" content=\"4 minutes\" \/>\n<script type=\"application\/ld+json\" class=\"yoast-schema-graph\">{\"@context\":\"https:\\\/\\\/schema.org\",\"@graph\":[{\"@type\":\"WebPage\",\"@id\":\"https:\\\/\\\/www.qualidrive.ch\\\/fr\\\/compatibilite-sari\\\/\",\"url\":\"https:\\\/\\\/www.qualidrive.ch\\\/fr\\\/compatibilite-sari\\\/\",\"name\":\"Compatibilit\u00e9 SARI - QualiDrive by CTM Alder\",\"isPartOf\":{\"@id\":\"https:\\\/\\\/www.qualidrive.ch\\\/#website\"},\"datePublished\":\"2023-02-24T15:36:51+00:00\",\"dateModified\":\"2025-03-05T10:06:40+00:00\",\"description\":\"Logiciel d'auto-\u00e9cole avec interface SARI ? QualiDrive le rend possible, en coop\u00e9ration avec Kyberna... En savoir plus maintenant !\",\"breadcrumb\":{\"@id\":\"https:\\\/\\\/www.qualidrive.ch\\\/fr\\\/compatibilite-sari\\\/#breadcrumb\"},\"inLanguage\":\"fr-FR\",\"potentialAction\":[{\"@type\":\"ReadAction\",\"target\":[\"https:\\\/\\\/www.qualidrive.ch\\\/fr\\\/compatibilite-sari\\\/\"]}]},{\"@type\":\"BreadcrumbList\",\"@id\":\"https:\\\/\\\/www.qualidrive.ch\\\/fr\\\/compatibilite-sari\\\/#breadcrumb\",\"itemListElement\":[{\"@type\":\"ListItem\",\"position\":1,\"name\":\"Startseite\",\"item\":\"https:\\\/\\\/www.qualidrive.ch\\\/fr\\\/\"},{\"@type\":\"ListItem\",\"position\":2,\"name\":\"Compatibilit\u00e9 SARI\"}]},{\"@type\":\"WebSite\",\"@id\":\"https:\\\/\\\/www.qualidrive.ch\\\/#website\",\"url\":\"https:\\\/\\\/www.qualidrive.ch\\\/\",\"name\":\"QualiDrive by CTM Alder\",\"description\":\"Software f\u00fcr Fahrschulen\",\"potentialAction\":[{\"@type\":\"SearchAction\",\"target\":{\"@type\":\"EntryPoint\",\"urlTemplate\":\"https:\\\/\\\/www.qualidrive.ch\\\/?s={search_term_string}\"},\"query-input\":{\"@type\":\"PropertyValueSpecification\",\"valueRequired\":true,\"valueName\":\"search_term_string\"}}],\"inLanguage\":\"fr-FR\"}]}<\/script>\n<!-- \/ Yoast SEO plugin. -->","yoast_head_json":{"title":"Compatibilit\u00e9 SARI - QualiDrive by CTM Alder","description":"Logiciel d'auto-\u00e9cole avec interface SARI ? QualiDrive le rend possible, en coop\u00e9ration avec Kyberna... En savoir plus maintenant !","robots":{"index":"index","follow":"follow","max-snippet":"max-snippet:-1","max-image-preview":"max-image-preview:large","max-video-preview":"max-video-preview:-1"},"canonical":"https:\/\/www.qualidrive.ch\/fr\/compatibilite-sari\/","og_locale":"fr_FR","og_type":"article","og_title":"Compatibilit\u00e9 SARI - QualiDrive by CTM Alder","og_description":"Logiciel d'auto-\u00e9cole avec interface SARI ? QualiDrive le rend possible, en coop\u00e9ration avec Kyberna... En savoir plus maintenant !","og_url":"https:\/\/www.qualidrive.ch\/fr\/compatibilite-sari\/","og_site_name":"QualiDrive by CTM Alder","article_modified_time":"2025-03-05T10:06:40+00:00","twitter_card":"summary_large_image","twitter_misc":{"Dur\u00e9e de lecture estim\u00e9e":"4 minutes"},"schema":{"@context":"https:\/\/schema.org","@graph":[{"@type":"WebPage","@id":"https:\/\/www.qualidrive.ch\/fr\/compatibilite-sari\/","url":"https:\/\/www.qualidrive.ch\/fr\/compatibilite-sari\/","name":"Compatibilit\u00e9 SARI - QualiDrive by CTM Alder","isPartOf":{"@id":"https:\/\/www.qualidrive.ch\/#website"},"datePublished":"2023-02-24T15:36:51+00:00","dateModified":"2025-03-05T10:06:40+00:00","description":"Logiciel d'auto-\u00e9cole avec interface SARI ? QualiDrive le rend possible, en coop\u00e9ration avec Kyberna... En savoir plus maintenant !","breadcrumb":{"@id":"https:\/\/www.qualidrive.ch\/fr\/compatibilite-sari\/#breadcrumb"},"inLanguage":"fr-FR","potentialAction":[{"@type":"ReadAction","target":["https:\/\/www.qualidrive.ch\/fr\/compatibilite-sari\/"]}]},{"@type":"BreadcrumbList","@id":"https:\/\/www.qualidrive.ch\/fr\/compatibilite-sari\/#breadcrumb","itemListElement":[{"@type":"ListItem","position":1,"name":"Startseite","item":"https:\/\/www.qualidrive.ch\/fr\/"},{"@type":"ListItem","position":2,"name":"Compatibilit\u00e9 SARI"}]},{"@type":"WebSite","@id":"https:\/\/www.qualidrive.ch\/#website","url":"https:\/\/www.qualidrive.ch\/","name":"QualiDrive by CTM Alder","description":"Software f\u00fcr Fahrschulen","potentialAction":[{"@type":"SearchAction","target":{"@type":"EntryPoint","urlTemplate":"https:\/\/www.qualidrive.ch\/?s={search_term_string}"},"query-input":{"@type":"PropertyValueSpecification","valueRequired":true,"valueName":"search_term_string"}}],"inLanguage":"fr-FR"}]}},"_links":{"self":[{"href":"https:\/\/www.qualidrive.ch\/fr\/wp-json\/wp\/v2\/pages\/14489","targetHints":{"allow":["GET"]}}],"collection":[{"href":"https:\/\/www.qualidrive.ch\/fr\/wp-json\/wp\/v2\/pages"}],"about":[{"href":"https:\/\/www.qualidrive.ch\/fr\/wp-json\/wp\/v2\/types\/page"}],"author":[{"embeddable":true,"href":"https:\/\/www.qualidrive.ch\/fr\/wp-json\/wp\/v2\/users\/3"}],"replies":[{"embeddable":true,"href":"https:\/\/www.qualidrive.ch\/fr\/wp-json\/wp\/v2\/comments?post=14489"}],"version-history":[{"count":7,"href":"https:\/\/www.qualidrive.ch\/fr\/wp-json\/wp\/v2\/pages\/14489\/revisions"}],"predecessor-version":[{"id":15371,"href":"https:\/\/www.qualidrive.ch\/fr\/wp-json\/wp\/v2\/pages\/14489\/revisions\/15371"}],"wp:attachment":[{"href":"https:\/\/www.qualidrive.ch\/fr\/wp-json\/wp\/v2\/media?parent=14489"}],"curies":[{"name":"wp","href":"https:\/\/api.w.org\/{rel}","templated":true}]}}