{"id":14511,"date":"2023-02-27T16:07:44","date_gmt":"2023-02-27T16:07:44","guid":{"rendered":"https:\/\/www.qualidrive.ch\/categories-de-formation-supplementaires\/"},"modified":"2025-03-05T10:04:24","modified_gmt":"2025-03-05T10:04:24","slug":"categories-de-formation-supplementaires","status":"publish","type":"page","link":"https:\/\/www.qualidrive.ch\/fr\/categories-de-formation-supplementaires\/","title":{"rendered":"Cat\u00e9gories de formation suppl\u00e9mentaires"},"content":{"rendered":"<p>[vc_row full_height=\u00a0\u00bbyes\u00a0\u00bb inner_container=\u00a0\u00bbno\u00a0\u00bb text_align=\u00a0\u00bbcenter\u00a0\u00bb text_color=\u00a0\u00bb#ffffff\u00a0\u00bb type=\u00a0\u00bbimage\u00a0\u00bb bg_gradient=\u00a0\u00bbyes\u00a0\u00bb bg_position_horizontal=\u00a0\u00bbcenter\u00a0\u00bb enable_parallax=\u00a0\u00bbfalse\u00a0\u00bb column_gap=\u00a0\u00bbno\u00a0\u00bb padding_top=\u00a0\u00bb10&Prime; padding_bottom=\u00a0\u00bb\u00a0\u00bb visibility=\u00a0\u00bbhidden-xs,visible-sm,visible-md,visible-lg,visible-xlg\u00a0\u00bb bg_image=\u00a0\u00bb15168&Prime;][vc_column][vc_column_text]<\/p>\n<h1 style=\"text-align: center;\">Cat\u00e9gories de formation suppl\u00e9mentaires<\/h1>\n<h2 style=\"text-align: center;\">G\u00e9rer tous les types de formation \u00e0 la conduite avec QualiDrive<\/h2>\n<p>[\/vc_column_text][\/vc_column][\/vc_row][vc_row full_height=\u00a0\u00bbyes\u00a0\u00bb inner_container=\u00a0\u00bbno\u00a0\u00bb text_align=\u00a0\u00bbcenter\u00a0\u00bb text_color=\u00a0\u00bb#ffffff\u00a0\u00bb type=\u00a0\u00bbimage\u00a0\u00bb bg_gradient=\u00a0\u00bbyes\u00a0\u00bb bg_position=\u00a0\u00bbcenter\u00a0\u00bb bg_position_horizontal=\u00a0\u00bbcenter\u00a0\u00bb enable_parallax=\u00a0\u00bbfalse\u00a0\u00bb column_gap=\u00a0\u00bbno\u00a0\u00bb padding_top=\u00a0\u00bb\u00a0\u00bb padding_bottom=\u00a0\u00bb\u00a0\u00bb visibility=\u00a0\u00bbhidden-sm,hidden-md,hidden-lg,hidden-xlg,visible-xs\u00a0\u00bb bg_image=\u00a0\u00bb15170&Prime;][vc_column][vc_column_text]<\/p>\n<h2 style=\"text-align: center;\">Cat\u00e9gories de formation suppl\u00e9mentaires<\/h2>\n<h3 style=\"text-align: center;\">G\u00e9rer tous les types de formation \u00e0 la conduite avec QualiDrive<\/h3>\n<p>[\/vc_column_text][\/vc_column][\/vc_row][vc_row padding_top=\u00a0\u00bb120&Prime; padding_bottom=\u00a0\u00bb60&Prime;][vc_column][vc_column_text]<\/p>\n<h3>Cat\u00e9gories de formation suppl\u00e9mentaires (fonction suppl\u00e9mentaire)<\/h3>\n<h5>Cette extension permet de g\u00e9rer toutes sortes de formations \u00e0 la conduite et de cat\u00e9gories avec QualiDrive &#8211; camions, bus, v\u00e9hicules ferroviaires, bateaux, etc.<\/h5>\n<h5>Des cat\u00e9gories de formation sp\u00e9cifiques peuvent \u00eatre ajout\u00e9es sur demande &#8211; g\u00e9rez tout \u00e0 partir d&rsquo;un seul syst\u00e8me !<\/h5>\n<p>[\/vc_column_text][\/vc_column][\/vc_row][vc_row content_placement=\u00a0\u00bbmiddle\u00a0\u00bb text_color=\u00a0\u00bb#000000&Prime; type=\u00a0\u00bbcolor\u00a0\u00bb bg_color=\u00a0\u00bb#ffffff\u00a0\u00bb padding_top=\u00a0\u00bb10&Prime; padding_bottom=\u00a0\u00bb120&Prime;][vc_column]<style>#btn_69ded0ce24ace:hover {background-color: #ffffff !important;color: #209bd8 !important;border-color: #209bd8 !important;}<\/style><div class=\"text-center\"><a class=\"btn no-border-radius btn-custom btn-xl\" href=\"https:\/\/www.qualidrive.ch\/fr\/ensavoirplus\/\" style=\"background-color: #209bd8;color: #ffffff;border-color: #209bd8;\"id=\"btn_69ded0ce24ace\">Obtenir des conseils<\/a><\/div>[\/vc_column][\/vc_row][vc_row type=\u00a0\u00bbcolor\u00a0\u00bb bg_color=\u00a0\u00bb#0090d8&Prime; padding_bottom=\u00a0\u00bb60&Prime; visibility=\u00a0\u00bbhidden-xs,visible-sm,visible-md,visible-lg,visible-xlg\u00a0\u00bb][vc_column][vc_column_text text_color=\u00a0\u00bb#ffffff\u00a0\u00bb]<\/p>\n<h3><span style=\"color: #ffffff;\">Cat\u00e9gories de formation suppl\u00e9mentaires (fonction suppl\u00e9mentaire)<\/span><\/h3>\n<p><em>cliquer sur <i class=\"icon-down-dir\"><\/i>  pour des informations d\u00e9taill\u00e9es par th\u00e8me<\/em>[\/vc_column_text][vc_tta_accordion style=\u00a0\u00bbmodern\u00a0\u00bb shape=\u00a0\u00bbsquare\u00a0\u00bb color=\u00a0\u00bbwhite\u00a0\u00bb spacing=\u00a0\u00bb15&Prime; c_icon=\u00a0\u00bbtriangle\u00a0\u00bb active_section=\u00a0\u00bb99&Prime; collapsible_all=\u00a0\u00bbtrue\u00a0\u00bb][vc_tta_section title=\u00a0\u00bbChoix complet de cat\u00e9gories de formation\u00a0\u00bb tab_id=\u00a0\u00bb1650531039339-2108ef37-e98b\u00a0\u00bb][vc_column_text]<\/p>\n<ul>\n<li>G\u00e9rer non seulement les voitures et les motos, mais aussi toutes les cat\u00e9gories de formation dans QualiDrive : A, -A, A1, B, BE, B1, C, CE, C1, C1E, D, DE, D1, D1E, M, F, G, BPT, OACP<\/li>\n<li>Extension de toutes les <a href=\"https:\/\/www.qualidrive.ch\/fr\/fonctions-standard\/\">fonctions standard<\/a> et de leurs r\u00e9glages (voir ci-dessus) pour pouvoir repr\u00e9senter toutes les cat\u00e9gories de formation dans QualiDrive (en particulier C et D, y compris toutes les sous-cat\u00e9gories et OACP)<\/li>\n<li>G\u00e9rer la feuille d&rsquo;\u00e9l\u00e8ve, l&rsquo;historique d&rsquo;apprentissage, etc. s\u00e9par\u00e9ment pour chaque cat\u00e9gorie de formation<\/li>\n<li>Adaptation de toutes les <a href=\"https:\/\/www.qualidrive.ch\/fr\/fonctions-standard\/\">fonctions standard<\/a> pour qu&rsquo;elles soient compatibles avec toutes les cat\u00e9gories de formation<\/li>\n<\/ul>\n<p>[\/vc_column_text][\/vc_tta_section][vc_tta_section title=\u00a0\u00bbSupport\u00a0\u00bb tab_id=\u00a0\u00bb1650357357013-df49cf28-9d93&Prime;][vc_column_text]<\/p>\n<ul>\n<li>Inclut un support standard par e-mail avec un temps de r\u00e9action de 2 jours ouvrables maximum<\/li>\n<li>Cela comprend les demandes et les probl\u00e8mes qui peuvent \u00eatre r\u00e9solus en 15 minutes (au total 2 heures par client et par mois)<\/li>\n<li>Les demandes et probl\u00e8mes qui n\u00e9cessitent plus de 15 minutes de travail sont \u00e9valu\u00e9s de mani\u00e8re approfondie et font l&rsquo;objet d&rsquo;une offre (vous trouverez des informations d\u00e9taill\u00e9es sur le support ci-dessous)<\/li>\n<\/ul>\n<p>[\/vc_column_text][\/vc_tta_section][\/vc_tta_accordion][\/vc_column][\/vc_row][vc_row type=\u00a0\u00bbcolor\u00a0\u00bb bg_color=\u00a0\u00bb#0090d8&Prime; padding_bottom=\u00a0\u00bb60&Prime; visibility=\u00a0\u00bbhidden-sm,hidden-md,hidden-lg,hidden-xlg,visible-xs\u00a0\u00bb][vc_column][vc_column_text text_color=\u00a0\u00bb#ffffff\u00a0\u00bb]<\/p>\n<h3><span style=\"color: #ffffff;\">Cat\u00e9gories de formation suppl\u00e9mentaires (fonction suppl\u00e9mentaire)<\/span><\/h3>\n<p style=\"text-align: left;\"><em>cliquer sur <i class=\"icon-down-dir\"><\/i>  pour des informations d\u00e9taill\u00e9es par th\u00e8me<\/em><\/p>\n<p>[\/vc_column_text][vc_tta_accordion style=\u00a0\u00bbmodern\u00a0\u00bb shape=\u00a0\u00bbsquare\u00a0\u00bb color=\u00a0\u00bbwhite\u00a0\u00bb spacing=\u00a0\u00bb15&Prime; c_icon=\u00a0\u00bbtriangle\u00a0\u00bb active_section=\u00a0\u00bb99&Prime; collapsible_all=\u00a0\u00bbtrue\u00a0\u00bb][vc_tta_section title=\u00a0\u00bbChoix complet de cat\u00e9gories de formation\u00a0\u00bb tab_id=\u00a0\u00bb1650607651389-5f5e0f52-d5a7&Prime;][vc_column_text]<\/p>\n<ul>\n<li>G\u00e9rer non seulement les voitures et les motos, mais aussi toutes les cat\u00e9gories de formation dans QualiDrive : A, -A, A1, B, BE, B1, C, CE, C1, C1E, D, DE, D1, D1E, M, F, G, BPT, OACP<\/li>\n<li>Extension de toutes les fonctions standard et de leurs r\u00e9glages (voir ci-dessus) pour pouvoir repr\u00e9senter toutes les cat\u00e9gories de formation dans QualiDrive (en particulier C et D, y compris toutes les sous-cat\u00e9gories et OACP)<\/li>\n<li>G\u00e9rer la feuille d&rsquo;\u00e9l\u00e8ve, l&rsquo;historique d&rsquo;apprentissage, etc. s\u00e9par\u00e9ment pour chaque cat\u00e9gorie de formation<\/li>\n<li>Adaptation de toutes les fonctions standard pour qu&rsquo;elles soient compatibles avec toutes les cat\u00e9gories de formation<\/li>\n<\/ul>\n<p>[\/vc_column_text][\/vc_tta_section][vc_tta_section title=\u00a0\u00bbSupport\u00a0\u00bb tab_id=\u00a0\u00bb1650607651579-a3f95ac7-e441&Prime;][vc_column_text]<\/p>\n<ul>\n<li>Inclut un support standard par e-mail avec un temps de r\u00e9action de 2 jours ouvrables maximum<\/li>\n<li>Cela comprend les demandes et les probl\u00e8mes qui peuvent \u00eatre r\u00e9solus en 15 minutes (au total 2 heures par client et par mois)<\/li>\n<li>Les demandes et probl\u00e8mes qui n\u00e9cessitent plus de 15 minutes de travail sont \u00e9valu\u00e9s de mani\u00e8re approfondie et font l&rsquo;objet d&rsquo;une offre (vous trouverez des informations d\u00e9taill\u00e9es sur le support ci-dessous)<\/li>\n<\/ul>\n<p>[\/vc_column_text][\/vc_tta_section][\/vc_tta_accordion][\/vc_column][\/vc_row][vc_row padding_top=\u00a0\u00bb120&Prime; padding_bottom=\u00a0\u00bb120&Prime; visibility=\u00a0\u00bbhidden-xs,visible-sm,visible-md,visible-lg,visible-xlg\u00a0\u00bb][vc_column][vc_single_image image=\u00a0\u00bb15088&Prime; img_size=\u00a0\u00bblarge\u00a0\u00bb alignment=\u00a0\u00bbcenter\u00a0\u00bb][\/vc_column][\/vc_row][vc_row padding_top=\u00a0\u00bb120&Prime; padding_bottom=\u00a0\u00bb120&Prime; visibility=\u00a0\u00bbhidden-sm,hidden-md,hidden-lg,hidden-xlg,visible-xs\u00a0\u00bb][vc_column][vc_single_image image=\u00a0\u00bb15088&Prime; img_size=\u00a0\u00bblarge\u00a0\u00bb alignment=\u00a0\u00bbcenter\u00a0\u00bb][\/vc_column][\/vc_row][vc_row equal_height=\u00a0\u00bbyes\u00a0\u00bb content_placement=\u00a0\u00bbmiddle\u00a0\u00bb text_color=\u00a0\u00bb#ffffff\u00a0\u00bb type=\u00a0\u00bbcolor\u00a0\u00bb bg_color=\u00a0\u00bb#209bd8&Prime; vertical_align=\u00a0\u00bbyes\u00a0\u00bb padding_top=\u00a0\u00bb60&Prime; padding_bottom=\u00a0\u00bb60&Prime; visibility=\u00a0\u00bbhidden-xs,visible-sm,visible-md,visible-lg,visible-xlg\u00a0\u00bb][vc_column width=\u00a0\u00bb1\/2&Prime;][vc_column_text]<\/p>\n<h4>Un entretien de conseil sans engagement ? Nous nous en r\u00e9jouissons !<\/h4>\n<h6>Lisa Strauss est responsable des ventes et des partenariats chez CTM Alder et se fera un plaisir d&rsquo;\u00eatre votre interlocutrice personnelle. Nous vous conseillons sans engagement, partageons avec vous nos exp\u00e9riences et trouvons la solution qui vous convient.<\/h6>\n<h3><\/h3>\n<p>[\/vc_column_text]<style>#btn_69ded0ce24d10:hover {background-color: #ffffff !important;color: #209bd8 !important;border-color: #ffffff !important;}<\/style><div class=\"text-left\"><a class=\"btn no-border-radius btn-custom btn-xl\" href=\"https:\/\/www.qualidrive.ch\/fr\/ensavoirplus\/\" target=\"_blank\" style=\"background-color: #ffffff;color: #209bd8;border-color: #ffffff;\"id=\"btn_69ded0ce24d10\">Obtenir des conseils<\/a><\/div>[vc_column_text text_color=\u00a0\u00bb#ffffff\u00a0\u00bb]<\/p>\n<h6 style=\"text-align: left;\">Ou simplement appeler <span style=\"color: #3366ff;\"><a style=\"color: #3366ff;\" href=\"tel:+41325885010\">032 588 50 10<\/a><\/span><\/h6>\n<p>[\/vc_column_text][\/vc_column][vc_column width=\u00a0\u00bb1\/2&Prime;][vc_single_image image=\u00a0\u00bb13272&Prime; img_size=\u00a0\u00bbmedium\u00a0\u00bb alignment=\u00a0\u00bbcenter\u00a0\u00bb style=\u00a0\u00bbvc_box_rounded\u00a0\u00bb][\/vc_column][\/vc_row][vc_row gap=\u00a0\u00bb30&Prime; equal_height=\u00a0\u00bbyes\u00a0\u00bb content_placement=\u00a0\u00bbmiddle\u00a0\u00bb text_color=\u00a0\u00bb#ffffff\u00a0\u00bb type=\u00a0\u00bbcolor\u00a0\u00bb bg_color=\u00a0\u00bb#209bd8&Prime; vertical_align=\u00a0\u00bbyes\u00a0\u00bb padding_top=\u00a0\u00bb60&Prime; padding_bottom=\u00a0\u00bb60&Prime; visibility=\u00a0\u00bbhidden-sm,hidden-md,hidden-lg,hidden-xlg,visible-xs\u00a0\u00bb][vc_column width=\u00a0\u00bb1\/2&Prime;][vc_column_text]<\/p>\n<h4 style=\"text-align: center;\">Un entretien de conseil sans engagement ?<br \/>\nNous nous en r\u00e9jouissons !<\/h4>\n<h6 style=\"text-align: center;\">Lisa Strauss est responsable des ventes et des partenariats chez CTM Alder et se fera un plaisir d&rsquo;\u00eatre votre interlocutrice personnelle. Nous vous conseillons sans engagement, partageons avec vous nos exp\u00e9riences et trouvons la solution qui vous convient.<\/h6>\n<h3><\/h3>\n<p>[\/vc_column_text]<style>#btn_69ded0ce24de4:hover {background-color: #ffffff !important;color: #209bd8 !important;border-color: #ffffff !important;}<\/style><div class=\"text-center\"><a class=\"btn no-border-radius btn-custom btn-lg\" href=\"https:\/\/www.qualidrive.ch\/fr\/ensavoirplus\/\" target=\"_blank\" style=\"background-color: #ffffff;color: #209bd8;border-color: #ffffff;\"id=\"btn_69ded0ce24de4\">Obtenir des conseils<\/a><\/div>[vc_column_text text_color=\u00a0\u00bb#ffffff\u00a0\u00bb]<\/p>\n<h6 style=\"text-align: center;\">Ou simplement appeler\u00a0<span style=\"color: #3366ff;\"><a style=\"color: #3366ff;\" href=\"tel:+41325885010\">032 588 50 10<\/a><\/span><\/h6>\n<p>[\/vc_column_text][\/vc_column][vc_column width=\u00a0\u00bb1\/2&Prime;][vc_single_image image=\u00a0\u00bb13272&Prime; img_size=\u00a0\u00bbmedium\u00a0\u00bb alignment=\u00a0\u00bbcenter\u00a0\u00bb style=\u00a0\u00bbvc_box_rounded\u00a0\u00bb][\/vc_column][\/vc_row][vc_row type=\u00a0\u00bbcolor\u00a0\u00bb bg_color=\u00a0\u00bb#ffffff\u00a0\u00bb padding_top=\u00a0\u00bb120&Prime; padding_bottom=\u00a0\u00bb10&Prime;][vc_column][vc_column_text text_color=\u00a0\u00bb#000000&Prime;]<\/p>\n<h3 style=\"text-align: center;\">Des partenaires qui nous font confiance<\/h3>\n<p>[\/vc_column_text][\/vc_column][\/vc_row][vc_row content_placement=\u00a0\u00bbmiddle\u00a0\u00bb text_align=\u00a0\u00bbcenter\u00a0\u00bb type=\u00a0\u00bbcolor\u00a0\u00bb bg_color=\u00a0\u00bb#ffffff\u00a0\u00bb padding_top=\u00a0\u00bb\u00a0\u00bb padding_bottom=\u00a0\u00bb120&Prime; visibility=\u00a0\u00bbhidden-xs,hidden-sm,visible-md,visible-lg,visible-xlg\u00a0\u00bb][vc_column width=\u00a0\u00bb1\/4&Prime;][vc_single_image image=\u00a0\u00bb13278&Prime; alignment=\u00a0\u00bbcenter\u00a0\u00bb][\/vc_column][vc_column width=\u00a0\u00bb1\/4&Prime;][vc_single_image image=\u00a0\u00bb14574&Prime; alignment=\u00a0\u00bbcenter\u00a0\u00bb][\/vc_column][vc_column width=\u00a0\u00bb1\/4&Prime;][vc_single_image image=\u00a0\u00bb14994&Prime; alignment=\u00a0\u00bbcenter\u00a0\u00bb][\/vc_column][vc_column width=\u00a0\u00bb1\/4&Prime;][vc_single_image image=\u00a0\u00bb15354&Prime; alignment=\u00a0\u00bbcenter\u00a0\u00bb][\/vc_column][\/vc_row][vc_row type=\u00a0\u00bbcolor\u00a0\u00bb bg_color=\u00a0\u00bb#ffffff\u00a0\u00bb padding_bottom=\u00a0\u00bb120&Prime; visibility=\u00a0\u00bbhidden-md,hidden-lg,hidden-xlg,visible-xs,visible-sm\u00a0\u00bb][vc_column][vc_tta_pageable no_fill_content_area=\u00a0\u00bb1&Prime; autoplay=\u00a0\u00bb2&Prime; active_section=\u00a0\u00bb1&Prime;][vc_tta_section title=\u00a0\u00bbDomaine de contenu 1&Prime; tab_id=\u00a0\u00bb1614762350618-657c4639-6d77&Prime;][vc_single_image image=\u00a0\u00bb13278&Prime; alignment=\u00a0\u00bbcenter\u00a0\u00bb][\/vc_tta_section][vc_tta_section title=\u00a0\u00bbDomaine de contenu 2&Prime; tab_id=\u00a0\u00bb1614762350699-7409a4a9-a0f4&Prime;][vc_single_image image=\u00a0\u00bb14574&Prime; alignment=\u00a0\u00bbcenter\u00a0\u00bb][\/vc_tta_section][vc_tta_section title=\u00a0\u00bbDomaine de contenu\u00a0\u00bb tab_id=\u00a0\u00bb1614762354150-1fb89f59-fa3d\u00a0\u00bb][vc_single_image image=\u00a0\u00bb14994&Prime; alignment=\u00a0\u00bbcenter\u00a0\u00bb][\/vc_tta_section][vc_tta_section title=\u00a0\u00bbDomaine de contenu\u00a0\u00bb tab_id=\u00a0\u00bb1614762357720-65254138-eb7d\u00a0\u00bb][vc_single_image image=\u00a0\u00bb15354&Prime; alignment=\u00a0\u00bbcenter\u00a0\u00bb][\/vc_tta_section][\/vc_tta_pageable][\/vc_column][\/vc_row][vc_row][vc_column][\/vc_column][\/vc_row]<\/p>\n","protected":false},"excerpt":{"rendered":"<p>[vc_row full_height=\u00a0\u00bbyes\u00a0\u00bb inner_container=\u00a0\u00bbno\u00a0\u00bb text_align=\u00a0\u00bbcenter\u00a0\u00bb text_color=\u00a0\u00bb#ffffff\u00a0\u00bb type=\u00a0\u00bbimage\u00a0\u00bb bg_gradient=\u00a0\u00bbyes\u00a0\u00bb bg_position_horizontal=\u00a0\u00bbcenter\u00a0\u00bb enable_parallax=\u00a0\u00bbfalse\u00a0\u00bb column_gap=\u00a0\u00bbno\u00a0\u00bb padding_top=\u00a0\u00bb10&Prime; padding_bottom=\u00a0\u00bb\u00a0\u00bb visibility=\u00a0\u00bbhidden-xs,visible-sm,visible-md,visible-lg,visible-xlg\u00a0\u00bb bg_image=\u00a0\u00bb15168&Prime;][vc_column][vc_column_text] Cat\u00e9gories de formation suppl\u00e9mentaires G\u00e9rer tous les types de formation \u00e0 la conduite avec QualiDrive [\/vc_column_text][\/vc_column][\/vc_row][vc_row full_height=\u00a0\u00bbyes\u00a0\u00bb inner_container=\u00a0\u00bbno\u00a0\u00bb text_align=\u00a0\u00bbcenter\u00a0\u00bb text_color=\u00a0\u00bb#ffffff\u00a0\u00bb type=\u00a0\u00bbimage\u00a0\u00bb bg_gradient=\u00a0\u00bbyes\u00a0\u00bb bg_position=\u00a0\u00bbcenter\u00a0\u00bb bg_position_horizontal=\u00a0\u00bbcenter\u00a0\u00bb enable_parallax=\u00a0\u00bbfalse\u00a0\u00bb column_gap=\u00a0\u00bbno\u00a0\u00bb padding_top=\u00a0\u00bb\u00a0\u00bb padding_bottom=\u00a0\u00bb\u00a0\u00bb visibility=\u00a0\u00bbhidden-sm,hidden-md,hidden-lg,hidden-xlg,visible-xs\u00a0\u00bb bg_image=\u00a0\u00bb15170&Prime;][vc_column][vc_column_text] Cat\u00e9gories de formation suppl\u00e9mentaires G\u00e9rer tous les types de formation \u00e0 la conduite avec QualiDrive [\/vc_column_text][\/vc_column][\/vc_row][vc_row [&hellip;]<\/p>\n","protected":false},"author":3,"featured_media":0,"parent":0,"menu_order":0,"comment_status":"closed","ping_status":"closed","template":"","meta":{"footnotes":""},"class_list":["post-14511","page","type-page","status-publish","hentry"],"yoast_head":"<!-- This site is optimized with the Yoast SEO plugin v27.3 - https:\/\/yoast.com\/product\/yoast-seo-wordpress\/ -->\n<title>Cat\u00e9gories de formation suppl\u00e9mentaires - QualiDrive by CTM Alder<\/title>\n<meta name=\"description\" content=\"G\u00e9rer tous les types de formation \u00e0 la conduite avec QualiDrive : voiture, bus, camion, v\u00e9hicules ferroviaires, bateaux, etc. En savoir plus maintenant...\" \/>\n<meta name=\"robots\" content=\"index, follow, max-snippet:-1, max-image-preview:large, max-video-preview:-1\" \/>\n<link rel=\"canonical\" href=\"https:\/\/www.qualidrive.ch\/fr\/categories-de-formation-supplementaires\/\" \/>\n<meta property=\"og:locale\" content=\"fr_FR\" \/>\n<meta property=\"og:type\" content=\"article\" \/>\n<meta property=\"og:title\" content=\"Cat\u00e9gories de formation suppl\u00e9mentaires - QualiDrive by CTM Alder\" \/>\n<meta property=\"og:description\" content=\"G\u00e9rer tous les types de formation \u00e0 la conduite avec QualiDrive : voiture, bus, camion, v\u00e9hicules ferroviaires, bateaux, etc. En savoir plus maintenant...\" \/>\n<meta property=\"og:url\" content=\"https:\/\/www.qualidrive.ch\/fr\/categories-de-formation-supplementaires\/\" \/>\n<meta property=\"og:site_name\" content=\"QualiDrive by CTM Alder\" \/>\n<meta property=\"article:modified_time\" content=\"2025-03-05T10:04:24+00:00\" \/>\n<meta name=\"twitter:card\" content=\"summary_large_image\" \/>\n<meta name=\"twitter:label1\" content=\"Dur\u00e9e de lecture estim\u00e9e\" \/>\n\t<meta name=\"twitter:data1\" content=\"5 minutes\" \/>\n<script type=\"application\/ld+json\" class=\"yoast-schema-graph\">{\"@context\":\"https:\\\/\\\/schema.org\",\"@graph\":[{\"@type\":\"WebPage\",\"@id\":\"https:\\\/\\\/www.qualidrive.ch\\\/fr\\\/categories-de-formation-supplementaires\\\/\",\"url\":\"https:\\\/\\\/www.qualidrive.ch\\\/fr\\\/categories-de-formation-supplementaires\\\/\",\"name\":\"Cat\u00e9gories de formation suppl\u00e9mentaires - QualiDrive by CTM Alder\",\"isPartOf\":{\"@id\":\"https:\\\/\\\/www.qualidrive.ch\\\/#website\"},\"datePublished\":\"2023-02-27T16:07:44+00:00\",\"dateModified\":\"2025-03-05T10:04:24+00:00\",\"description\":\"G\u00e9rer tous les types de formation \u00e0 la conduite avec QualiDrive : voiture, bus, camion, v\u00e9hicules ferroviaires, bateaux, etc. En savoir plus maintenant...\",\"breadcrumb\":{\"@id\":\"https:\\\/\\\/www.qualidrive.ch\\\/fr\\\/categories-de-formation-supplementaires\\\/#breadcrumb\"},\"inLanguage\":\"fr-FR\",\"potentialAction\":[{\"@type\":\"ReadAction\",\"target\":[\"https:\\\/\\\/www.qualidrive.ch\\\/fr\\\/categories-de-formation-supplementaires\\\/\"]}]},{\"@type\":\"BreadcrumbList\",\"@id\":\"https:\\\/\\\/www.qualidrive.ch\\\/fr\\\/categories-de-formation-supplementaires\\\/#breadcrumb\",\"itemListElement\":[{\"@type\":\"ListItem\",\"position\":1,\"name\":\"Startseite\",\"item\":\"https:\\\/\\\/www.qualidrive.ch\\\/fr\\\/\"},{\"@type\":\"ListItem\",\"position\":2,\"name\":\"Cat\u00e9gories de formation suppl\u00e9mentaires\"}]},{\"@type\":\"WebSite\",\"@id\":\"https:\\\/\\\/www.qualidrive.ch\\\/#website\",\"url\":\"https:\\\/\\\/www.qualidrive.ch\\\/\",\"name\":\"QualiDrive by CTM Alder\",\"description\":\"Software f\u00fcr Fahrschulen\",\"potentialAction\":[{\"@type\":\"SearchAction\",\"target\":{\"@type\":\"EntryPoint\",\"urlTemplate\":\"https:\\\/\\\/www.qualidrive.ch\\\/?s={search_term_string}\"},\"query-input\":{\"@type\":\"PropertyValueSpecification\",\"valueRequired\":true,\"valueName\":\"search_term_string\"}}],\"inLanguage\":\"fr-FR\"}]}<\/script>\n<!-- \/ Yoast SEO plugin. -->","yoast_head_json":{"title":"Cat\u00e9gories de formation suppl\u00e9mentaires - QualiDrive by CTM Alder","description":"G\u00e9rer tous les types de formation \u00e0 la conduite avec QualiDrive : voiture, bus, camion, v\u00e9hicules ferroviaires, bateaux, etc. En savoir plus maintenant...","robots":{"index":"index","follow":"follow","max-snippet":"max-snippet:-1","max-image-preview":"max-image-preview:large","max-video-preview":"max-video-preview:-1"},"canonical":"https:\/\/www.qualidrive.ch\/fr\/categories-de-formation-supplementaires\/","og_locale":"fr_FR","og_type":"article","og_title":"Cat\u00e9gories de formation suppl\u00e9mentaires - QualiDrive by CTM Alder","og_description":"G\u00e9rer tous les types de formation \u00e0 la conduite avec QualiDrive : voiture, bus, camion, v\u00e9hicules ferroviaires, bateaux, etc. En savoir plus maintenant...","og_url":"https:\/\/www.qualidrive.ch\/fr\/categories-de-formation-supplementaires\/","og_site_name":"QualiDrive by CTM Alder","article_modified_time":"2025-03-05T10:04:24+00:00","twitter_card":"summary_large_image","twitter_misc":{"Dur\u00e9e de lecture estim\u00e9e":"5 minutes"},"schema":{"@context":"https:\/\/schema.org","@graph":[{"@type":"WebPage","@id":"https:\/\/www.qualidrive.ch\/fr\/categories-de-formation-supplementaires\/","url":"https:\/\/www.qualidrive.ch\/fr\/categories-de-formation-supplementaires\/","name":"Cat\u00e9gories de formation suppl\u00e9mentaires - QualiDrive by CTM Alder","isPartOf":{"@id":"https:\/\/www.qualidrive.ch\/#website"},"datePublished":"2023-02-27T16:07:44+00:00","dateModified":"2025-03-05T10:04:24+00:00","description":"G\u00e9rer tous les types de formation \u00e0 la conduite avec QualiDrive : voiture, bus, camion, v\u00e9hicules ferroviaires, bateaux, etc. En savoir plus maintenant...","breadcrumb":{"@id":"https:\/\/www.qualidrive.ch\/fr\/categories-de-formation-supplementaires\/#breadcrumb"},"inLanguage":"fr-FR","potentialAction":[{"@type":"ReadAction","target":["https:\/\/www.qualidrive.ch\/fr\/categories-de-formation-supplementaires\/"]}]},{"@type":"BreadcrumbList","@id":"https:\/\/www.qualidrive.ch\/fr\/categories-de-formation-supplementaires\/#breadcrumb","itemListElement":[{"@type":"ListItem","position":1,"name":"Startseite","item":"https:\/\/www.qualidrive.ch\/fr\/"},{"@type":"ListItem","position":2,"name":"Cat\u00e9gories de formation suppl\u00e9mentaires"}]},{"@type":"WebSite","@id":"https:\/\/www.qualidrive.ch\/#website","url":"https:\/\/www.qualidrive.ch\/","name":"QualiDrive by CTM Alder","description":"Software f\u00fcr Fahrschulen","potentialAction":[{"@type":"SearchAction","target":{"@type":"EntryPoint","urlTemplate":"https:\/\/www.qualidrive.ch\/?s={search_term_string}"},"query-input":{"@type":"PropertyValueSpecification","valueRequired":true,"valueName":"search_term_string"}}],"inLanguage":"fr-FR"}]}},"_links":{"self":[{"href":"https:\/\/www.qualidrive.ch\/fr\/wp-json\/wp\/v2\/pages\/14511","targetHints":{"allow":["GET"]}}],"collection":[{"href":"https:\/\/www.qualidrive.ch\/fr\/wp-json\/wp\/v2\/pages"}],"about":[{"href":"https:\/\/www.qualidrive.ch\/fr\/wp-json\/wp\/v2\/types\/page"}],"author":[{"embeddable":true,"href":"https:\/\/www.qualidrive.ch\/fr\/wp-json\/wp\/v2\/users\/3"}],"replies":[{"embeddable":true,"href":"https:\/\/www.qualidrive.ch\/fr\/wp-json\/wp\/v2\/comments?post=14511"}],"version-history":[{"count":12,"href":"https:\/\/www.qualidrive.ch\/fr\/wp-json\/wp\/v2\/pages\/14511\/revisions"}],"predecessor-version":[{"id":15369,"href":"https:\/\/www.qualidrive.ch\/fr\/wp-json\/wp\/v2\/pages\/14511\/revisions\/15369"}],"wp:attachment":[{"href":"https:\/\/www.qualidrive.ch\/fr\/wp-json\/wp\/v2\/media?parent=14511"}],"curies":[{"name":"wp","href":"https:\/\/api.w.org\/{rel}","templated":true}]}}