{"id":14921,"date":"2023-12-04T17:07:59","date_gmt":"2023-12-04T17:07:59","guid":{"rendered":"https:\/\/www.qualidrive.ch\/?page_id=14921"},"modified":"2024-04-05T13:22:09","modified_gmt":"2024-04-05T13:22:09","slug":"prix-ecole-de-voile","status":"publish","type":"page","link":"https:\/\/www.qualidrive.ch\/fr\/prix-ecole-de-voile\/","title":{"rendered":"Prix &#8211; \u00e9cole de voile"},"content":{"rendered":"<p>[vc_row visibility=\u00a0\u00bbhidden-xs,visible-sm,visible-md,visible-lg,visible-xlg\u00a0\u00bb][vc_column][vc_single_image image=\u00a0\u00bb14860&Prime; img_size=\u00a0\u00bblarge\u00a0\u00bb alignment=\u00a0\u00bbcenter\u00a0\u00bb][\/vc_column][\/vc_row][vc_row padding_top=\u00a0\u00bb80&Prime; visibility=\u00a0\u00bbhidden-sm,hidden-md,hidden-lg,hidden-xlg,visible-xs\u00a0\u00bb][vc_column][vc_single_image image=\u00a0\u00bb14860&Prime; img_size=\u00a0\u00bblarge\u00a0\u00bb alignment=\u00a0\u00bbcenter\u00a0\u00bb][\/vc_column][\/vc_row][vc_row padding_bottom=\u00a0\u00bb80&Prime; visibility=\u00a0\u00bbhidden-xs,visible-sm,visible-md,visible-lg,visible-xlg\u00a0\u00bb][vc_column][vc_column_text]<\/p>\n<h1 style=\"text-align: center;\">Prix pour les \u00e9coles de voile<\/h1>\n<h3 style=\"text-align: center;\">Fonctions, Formation, Support<\/h3>\n<p>[\/vc_column_text][\/vc_column][\/vc_row][vc_row padding_top=\u00a0\u00bb20&Prime; padding_bottom=\u00a0\u00bb80&Prime; visibility=\u00a0\u00bbhidden-sm,hidden-md,hidden-lg,hidden-xlg,visible-xs\u00a0\u00bb][vc_column][vc_column_text]<\/p>\n<h2 style=\"text-align: center;\">Prix pour les \u00e9coles de voile<\/h2>\n<h4 style=\"text-align: center;\">Fonctions, Formation, Support<\/h4>\n<p>[\/vc_column_text][\/vc_column][\/vc_row][vc_row padding_top=\u00a0\u00bb20&Prime; padding_bottom=\u00a0\u00bb120&Prime;][vc_column][vc_column_text]<\/p>\n<h6>QualiDrive dispose d&rsquo;un <strong>grand nombre de fonctions qui peuvent \u00eatre adapt\u00e9es \u00e0 vos besoins<\/strong>. En plus des fonctions standard, vous obtenez ainsi une solution individuelle qui peut couvrir des besoins complexes. Pour plus d&rsquo;informations sur les fonctions, le contenu, la formation et le support, contactez-nous sans engagement. Nous nous ferons un plaisir d&rsquo;\u00e9laborer pour vous une offre individuelle, sp\u00e9cialement adapt\u00e9e \u00e0 votre \u00e9cole de voile.<\/h6>\n<p>[\/vc_column_text][\/vc_column][\/vc_row][vc_row padding_top=\u00a0\u00bb80&Prime; padding_bottom=\u00a0\u00bb\u00a0\u00bb][vc_column]<style>#btn_69decf9aa0b04:hover {background-color: #ffffff !important;color: #209bd8 !important;border-color: #209bd8 !important;}<\/style><div class=\"text-center\"><a class=\"btn no-border-radius btn-custom btn-xl\" href=\"\/fr\/ensavoirplus\" style=\"background-color: #209bd8;color: #ffffff;border-color: #209bd8;\"id=\"btn_69decf9aa0b04\">Obtenir une d\u00e9mo<\/a><\/div>[\/vc_column][\/vc_row][vc_row gap=\u00a0\u00bb35&Prime; padding_top=\u00a0\u00bb120&Prime; padding_bottom=\u00a0\u00bb120&Prime;][vc_column width=\u00a0\u00bb1\/2&Prime;][vc_single_image image=\u00a0\u00bb13272&Prime; img_size=\u00a0\u00bbmedium\u00a0\u00bb alignment=\u00a0\u00bbcenter\u00a0\u00bb][vc_column_text]<\/p>\n<p style=\"text-align: center;\">Lisa Strauss &#8211; Vente &amp; conseil<\/p>\n<p>[\/vc_column_text][\/vc_column][vc_column width=\u00a0\u00bb1\/2&Prime;][vc_single_image image=\u00a0\u00bb13387&Prime; img_size=\u00a0\u00bbmedium\u00a0\u00bb alignment=\u00a0\u00bbcenter\u00a0\u00bb][vc_column_text]<\/p>\n<p style=\"text-align: center;\">Patricia H\u00e4ni &#8211; Productmanagement<\/p>\n<p>[\/vc_column_text][\/vc_column][\/vc_row][vc_row padding_top=\u00a0\u00bb60&Prime; padding_bottom=\u00a0\u00bb\u00a0\u00bb visibility=\u00a0\u00bbhidden-xs,visible-sm,visible-md,visible-lg,visible-xlg\u00a0\u00bb][vc_column][vc_single_image image=\u00a0\u00bb14882&Prime; img_size=\u00a0\u00bblarge\u00a0\u00bb alignment=\u00a0\u00bbcenter\u00a0\u00bb][\/vc_column][\/vc_row][vc_row padding_bottom=\u00a0\u00bb50&Prime; visibility=\u00a0\u00bbhidden-sm,hidden-md,hidden-lg,hidden-xlg,visible-xs\u00a0\u00bb][vc_column][vc_single_image image=\u00a0\u00bb14882&Prime; img_size=\u00a0\u00bblarge\u00a0\u00bb alignment=\u00a0\u00bbcenter\u00a0\u00bb][\/vc_column][\/vc_row]<\/p>\n","protected":false},"excerpt":{"rendered":"<p>[vc_row visibility=\u00a0\u00bbhidden-xs,visible-sm,visible-md,visible-lg,visible-xlg\u00a0\u00bb][vc_column][vc_single_image image=\u00a0\u00bb14860&Prime; img_size=\u00a0\u00bblarge\u00a0\u00bb alignment=\u00a0\u00bbcenter\u00a0\u00bb][\/vc_column][\/vc_row][vc_row padding_top=\u00a0\u00bb80&Prime; visibility=\u00a0\u00bbhidden-sm,hidden-md,hidden-lg,hidden-xlg,visible-xs\u00a0\u00bb][vc_column][vc_single_image image=\u00a0\u00bb14860&Prime; img_size=\u00a0\u00bblarge\u00a0\u00bb alignment=\u00a0\u00bbcenter\u00a0\u00bb][\/vc_column][\/vc_row][vc_row padding_bottom=\u00a0\u00bb80&Prime; visibility=\u00a0\u00bbhidden-xs,visible-sm,visible-md,visible-lg,visible-xlg\u00a0\u00bb][vc_column][vc_column_text] Prix pour les \u00e9coles de voile Fonctions, Formation, Support [\/vc_column_text][\/vc_column][\/vc_row][vc_row padding_top=\u00a0\u00bb20&Prime; padding_bottom=\u00a0\u00bb80&Prime; visibility=\u00a0\u00bbhidden-sm,hidden-md,hidden-lg,hidden-xlg,visible-xs\u00a0\u00bb][vc_column][vc_column_text] Prix pour les \u00e9coles de voile Fonctions, Formation, Support [\/vc_column_text][\/vc_column][\/vc_row][vc_row padding_top=\u00a0\u00bb20&Prime; padding_bottom=\u00a0\u00bb120&Prime;][vc_column][vc_column_text] QualiDrive dispose d&rsquo;un grand nombre de fonctions qui peuvent \u00eatre adapt\u00e9es \u00e0 vos besoins. En plus des fonctions standard, vous obtenez ainsi une [&hellip;]<\/p>\n","protected":false},"author":3,"featured_media":0,"parent":0,"menu_order":0,"comment_status":"closed","ping_status":"closed","template":"","meta":{"footnotes":""},"class_list":["post-14921","page","type-page","status-publish","hentry"],"yoast_head":"<!-- This site is optimized with the Yoast SEO plugin v27.3 - https:\/\/yoast.com\/product\/yoast-seo-wordpress\/ -->\n<title>Prix - \u00e9cole de voile - QualiDrive by CTM Alder<\/title>\n<meta name=\"description\" content=\"La tarification de QualiDrive est simple et transparente : voici un aper\u00e7u des prix et des fonctions...\" \/>\n<meta name=\"robots\" content=\"index, follow, max-snippet:-1, max-image-preview:large, max-video-preview:-1\" \/>\n<link rel=\"canonical\" href=\"https:\/\/www.qualidrive.ch\/fr\/prix-ecole-de-voile\/\" \/>\n<meta property=\"og:locale\" content=\"fr_FR\" \/>\n<meta property=\"og:type\" content=\"article\" \/>\n<meta property=\"og:title\" content=\"Prix - \u00e9cole de voile - QualiDrive by CTM Alder\" \/>\n<meta property=\"og:description\" content=\"La tarification de QualiDrive est simple et transparente : voici un aper\u00e7u des prix et des fonctions...\" \/>\n<meta property=\"og:url\" content=\"https:\/\/www.qualidrive.ch\/fr\/prix-ecole-de-voile\/\" \/>\n<meta property=\"og:site_name\" content=\"QualiDrive by CTM Alder\" \/>\n<meta property=\"article:modified_time\" content=\"2024-04-05T13:22:09+00:00\" \/>\n<meta name=\"twitter:card\" content=\"summary_large_image\" \/>\n<meta name=\"twitter:label1\" content=\"Dur\u00e9e de lecture estim\u00e9e\" \/>\n\t<meta name=\"twitter:data1\" content=\"1 minute\" \/>\n<script type=\"application\/ld+json\" class=\"yoast-schema-graph\">{\"@context\":\"https:\\\/\\\/schema.org\",\"@graph\":[{\"@type\":\"WebPage\",\"@id\":\"https:\\\/\\\/www.qualidrive.ch\\\/fr\\\/prix-ecole-de-voile\\\/\",\"url\":\"https:\\\/\\\/www.qualidrive.ch\\\/fr\\\/prix-ecole-de-voile\\\/\",\"name\":\"Prix - \u00e9cole de voile - QualiDrive by CTM Alder\",\"isPartOf\":{\"@id\":\"https:\\\/\\\/www.qualidrive.ch\\\/#website\"},\"datePublished\":\"2023-12-04T17:07:59+00:00\",\"dateModified\":\"2024-04-05T13:22:09+00:00\",\"description\":\"La tarification de QualiDrive est simple et transparente : voici un aper\u00e7u des prix et des fonctions...\",\"breadcrumb\":{\"@id\":\"https:\\\/\\\/www.qualidrive.ch\\\/fr\\\/prix-ecole-de-voile\\\/#breadcrumb\"},\"inLanguage\":\"fr-FR\",\"potentialAction\":[{\"@type\":\"ReadAction\",\"target\":[\"https:\\\/\\\/www.qualidrive.ch\\\/fr\\\/prix-ecole-de-voile\\\/\"]}]},{\"@type\":\"BreadcrumbList\",\"@id\":\"https:\\\/\\\/www.qualidrive.ch\\\/fr\\\/prix-ecole-de-voile\\\/#breadcrumb\",\"itemListElement\":[{\"@type\":\"ListItem\",\"position\":1,\"name\":\"Startseite\",\"item\":\"https:\\\/\\\/www.qualidrive.ch\\\/fr\\\/\"},{\"@type\":\"ListItem\",\"position\":2,\"name\":\"Prix &#8211; \u00e9cole de voile\"}]},{\"@type\":\"WebSite\",\"@id\":\"https:\\\/\\\/www.qualidrive.ch\\\/#website\",\"url\":\"https:\\\/\\\/www.qualidrive.ch\\\/\",\"name\":\"QualiDrive by CTM Alder\",\"description\":\"Software f\u00fcr Fahrschulen\",\"potentialAction\":[{\"@type\":\"SearchAction\",\"target\":{\"@type\":\"EntryPoint\",\"urlTemplate\":\"https:\\\/\\\/www.qualidrive.ch\\\/?s={search_term_string}\"},\"query-input\":{\"@type\":\"PropertyValueSpecification\",\"valueRequired\":true,\"valueName\":\"search_term_string\"}}],\"inLanguage\":\"fr-FR\"}]}<\/script>\n<!-- \/ Yoast SEO plugin. -->","yoast_head_json":{"title":"Prix - \u00e9cole de voile - QualiDrive by CTM Alder","description":"La tarification de QualiDrive est simple et transparente : voici un aper\u00e7u des prix et des fonctions...","robots":{"index":"index","follow":"follow","max-snippet":"max-snippet:-1","max-image-preview":"max-image-preview:large","max-video-preview":"max-video-preview:-1"},"canonical":"https:\/\/www.qualidrive.ch\/fr\/prix-ecole-de-voile\/","og_locale":"fr_FR","og_type":"article","og_title":"Prix - \u00e9cole de voile - QualiDrive by CTM Alder","og_description":"La tarification de QualiDrive est simple et transparente : voici un aper\u00e7u des prix et des fonctions...","og_url":"https:\/\/www.qualidrive.ch\/fr\/prix-ecole-de-voile\/","og_site_name":"QualiDrive by CTM Alder","article_modified_time":"2024-04-05T13:22:09+00:00","twitter_card":"summary_large_image","twitter_misc":{"Dur\u00e9e de lecture estim\u00e9e":"1 minute"},"schema":{"@context":"https:\/\/schema.org","@graph":[{"@type":"WebPage","@id":"https:\/\/www.qualidrive.ch\/fr\/prix-ecole-de-voile\/","url":"https:\/\/www.qualidrive.ch\/fr\/prix-ecole-de-voile\/","name":"Prix - \u00e9cole de voile - QualiDrive by CTM Alder","isPartOf":{"@id":"https:\/\/www.qualidrive.ch\/#website"},"datePublished":"2023-12-04T17:07:59+00:00","dateModified":"2024-04-05T13:22:09+00:00","description":"La tarification de QualiDrive est simple et transparente : voici un aper\u00e7u des prix et des fonctions...","breadcrumb":{"@id":"https:\/\/www.qualidrive.ch\/fr\/prix-ecole-de-voile\/#breadcrumb"},"inLanguage":"fr-FR","potentialAction":[{"@type":"ReadAction","target":["https:\/\/www.qualidrive.ch\/fr\/prix-ecole-de-voile\/"]}]},{"@type":"BreadcrumbList","@id":"https:\/\/www.qualidrive.ch\/fr\/prix-ecole-de-voile\/#breadcrumb","itemListElement":[{"@type":"ListItem","position":1,"name":"Startseite","item":"https:\/\/www.qualidrive.ch\/fr\/"},{"@type":"ListItem","position":2,"name":"Prix &#8211; \u00e9cole de voile"}]},{"@type":"WebSite","@id":"https:\/\/www.qualidrive.ch\/#website","url":"https:\/\/www.qualidrive.ch\/","name":"QualiDrive by CTM Alder","description":"Software f\u00fcr Fahrschulen","potentialAction":[{"@type":"SearchAction","target":{"@type":"EntryPoint","urlTemplate":"https:\/\/www.qualidrive.ch\/?s={search_term_string}"},"query-input":{"@type":"PropertyValueSpecification","valueRequired":true,"valueName":"search_term_string"}}],"inLanguage":"fr-FR"}]}},"_links":{"self":[{"href":"https:\/\/www.qualidrive.ch\/fr\/wp-json\/wp\/v2\/pages\/14921","targetHints":{"allow":["GET"]}}],"collection":[{"href":"https:\/\/www.qualidrive.ch\/fr\/wp-json\/wp\/v2\/pages"}],"about":[{"href":"https:\/\/www.qualidrive.ch\/fr\/wp-json\/wp\/v2\/types\/page"}],"author":[{"embeddable":true,"href":"https:\/\/www.qualidrive.ch\/fr\/wp-json\/wp\/v2\/users\/3"}],"replies":[{"embeddable":true,"href":"https:\/\/www.qualidrive.ch\/fr\/wp-json\/wp\/v2\/comments?post=14921"}],"version-history":[{"count":2,"href":"https:\/\/www.qualidrive.ch\/fr\/wp-json\/wp\/v2\/pages\/14921\/revisions"}],"predecessor-version":[{"id":14923,"href":"https:\/\/www.qualidrive.ch\/fr\/wp-json\/wp\/v2\/pages\/14921\/revisions\/14923"}],"wp:attachment":[{"href":"https:\/\/www.qualidrive.ch\/fr\/wp-json\/wp\/v2\/media?parent=14921"}],"curies":[{"name":"wp","href":"https:\/\/api.w.org\/{rel}","templated":true}]}}