{"id":15378,"date":"2025-03-06T15:55:36","date_gmt":"2025-03-06T15:55:36","guid":{"rendered":"https:\/\/www.qualidrive.ch\/?page_id=15378"},"modified":"2025-03-06T15:55:36","modified_gmt":"2025-03-06T15:55:36","slug":"offre-speciale-pour-le-nouvel-an","status":"publish","type":"page","link":"https:\/\/www.qualidrive.ch\/fr\/offre-speciale-pour-le-nouvel-an\/","title":{"rendered":"Offre sp\u00e9ciale pour le nouvel an :"},"content":{"rendered":"<p>[vc_row padding_bottom=\u00a0\u00bb20&Prime; visibility=\u00a0\u00bbhidden-xs,visible-sm,visible-md,visible-lg,visible-xlg\u00a0\u00bb][vc_column][vc_column_text]<\/p>\n<h1 style=\"text-align: center;\">Syst\u00e8mes d\u2019assistance \u00e0 la conduite :<\/h1>\n<h4 style=\"text-align: center;\">\u00c9largissement des comp\u00e9tences dans QualiDrive<\/h4>\n<p>[\/vc_column_text][\/vc_column][\/vc_row][vc_row visibility=\u00a0\u00bbhidden-sm,hidden-md,hidden-lg,hidden-xlg,visible-xs\u00a0\u00bb][vc_column][vc_column_text]<\/p>\n<h2 style=\"text-align: left;\">Syst\u00e8mes d\u2019assistance \u00e0 la conduite<\/h2>\n<h5 style=\"text-align: left;\">\u00c9largissement des comp\u00e9tences dans QualiDrive<\/h5>\n<p>[\/vc_column_text][\/vc_column][\/vc_row][vc_row][vc_column][vc_column_text]<\/p>\n<h4>Vos commentaires sont les bienvenus<\/h4>\n<p>[\/vc_column_text][\/vc_column][\/vc_row][vc_row][vc_column][vc_column_text]Nous aimerions compl\u00e9ter la fiche \u00e9l\u00e8ve avec les principaux syst\u00e8mes d&rsquo;assistance \u00e0 la conduite. Nous avons \u00e9labor\u00e9 une liste qui \u00e9num\u00e8re une s\u00e9rie de th\u00e8mes d&rsquo;assistance.<\/p>\n<p>N&rsquo;h\u00e9sitez pas \u00e0 nous faire savoir si la liste est compl\u00e8te ou si des modifications sont encore souhait\u00e9es. Merci de nous faire part de vos remarques par e-mail jusqu&rsquo;au 21.03.2025. Ensuite, nous r\u00e9viserons la liste et l&rsquo;int\u00e9grerons dans QualiDrive afin que tout le monde puisse y avoir acc\u00e8s.<\/p>\n<p>Merci de votre collaboration![\/vc_column_text][\/vc_column][\/vc_row][vc_row][vc_column][vc_column_text]<\/p>\n<table width=\"570\">\n<tbody>\n<tr>\n<td width=\"475\"><strong>Syst\u00e8mes d\u2019assistance \u00e0 la conduite<\/strong><\/td>\n<td width=\"95\"><strong>Cat\u00e9gorie<\/strong><\/td>\n<\/tr>\n<tr>\n<td>Assistant au freinage d\u2019urgence<\/td>\n<td>B, C, C1, D, D1<\/td>\n<\/tr>\n<tr>\n<td>Assistant de vitesse intelligent<\/td>\n<td>B, C, C1, D, D1<\/td>\n<\/tr>\n<tr>\n<td>Assistant de maintien de trajectoire<\/td>\n<td>B, C, C1, D, D1<\/td>\n<\/tr>\n<tr>\n<td>D\u00e9tecteur de fatigue<\/td>\n<td>B, C, C1, D, D1<\/td>\n<\/tr>\n<tr>\n<td>Avertisseur de changement de voie<\/td>\n<td>B, C, C1, D, D1<\/td>\n<\/tr>\n<tr>\n<td>Assistant de vision nocturne<\/td>\n<td>B, C, C1, D, D1<\/td>\n<\/tr>\n<tr>\n<td>Assistant de reconnaissance de la signalisation<\/td>\n<td>B, C, C1, D, D1<\/td>\n<\/tr>\n<tr>\n<td>R\u00e9gulateur de vitesse<\/td>\n<td>B, C, C1, D, D1<\/td>\n<\/tr>\n<tr>\n<td>Assistant de changement de direction<\/td>\n<td>B, C, C1, D, D1<\/td>\n<\/tr>\n<tr>\n<td>Avertisseur de perte d\u2019attention du\u00b7de la conducteur\u00b7rice<\/td>\n<td>B, C, C1, D, D1<\/td>\n<\/tr>\n<tr>\n<td>Assistant d\u2019\u00e9vitement<\/td>\n<td>B, C, C1, D, D1<\/td>\n<\/tr>\n<tr>\n<td>Avertisseur de sortie du v\u00e9hicule<\/td>\n<td>B, C, C1, D, D1<\/td>\n<\/tr>\n<tr>\n<td>Assistant autoroute<\/td>\n<td>B, C, C1, D, D1<\/td>\n<\/tr>\n<tr>\n<td>Assistant d\u2019arr\u00eat d\u2019urgence<\/td>\n<td>B, C, C1, D, D1<\/td>\n<\/tr>\n<tr>\n<td>Assistant d\u2019embouteillages<\/td>\n<td>B, C, C1, D, D1<\/td>\n<\/tr>\n<tr>\n<td>Syst\u00e8me de pr\u00e9collision<\/td>\n<td>B, C, C1, D, D1<\/td>\n<\/tr>\n<tr>\n<td>D\u00e9tection de marche arri\u00e8re<\/td>\n<td>B, C, C1, D, D1<\/td>\n<\/tr>\n<tr>\n<td>Assistant au stationnement<\/td>\n<td>B, C, C1, D, D1<\/td>\n<\/tr>\n<tr>\n<td>Assistant de feux de route<\/td>\n<td>B, C, C1, D, D1<\/td>\n<\/tr>\n<tr>\n<td>Assistant de changement de direction pour poids lourds<\/td>\n<td>C, D<\/td>\n<\/tr>\n<tr>\n<td>ABS<\/td>\n<td>Alle<\/td>\n<\/tr>\n<tr>\n<td>Contr\u00f4le de traction<\/td>\n<td>A, A1, -A<\/td>\n<\/tr>\n<tr>\n<td>Stoppie control<\/td>\n<td>A, A1, -A<\/td>\n<\/tr>\n<tr>\n<td>Anti-wheelie<\/td>\n<td>A, A1, -A<\/td>\n<\/tr>\n<tr>\n<td>Diff\u00e9rents\u00a0modes de conduite<\/td>\n<td>A, A1, -A<\/td>\n<\/tr>\n<tr>\n<td>Affichage t\u00eate haute<\/td>\n<td>B, C, C1, D, D1<\/td>\n<\/tr>\n<tr>\n<td>Park Distance Control<\/td>\n<td>B<\/td>\n<\/tr>\n<tr>\n<td>Aide \u00e0 la stabilit\u00e9 au remorquage (TSA)<\/td>\n<td>B, BE<\/td>\n<\/tr>\n<tr>\n<td>Feux de bifurcation<\/td>\n<td>B, C, C1, D, D1<\/td>\n<\/tr>\n<tr>\n<td>Feux de virage adaptatifs<\/td>\n<td>B, C, C1, D, D1<\/td>\n<\/tr>\n<tr>\n<td>Syst\u00e8me antiblocage des roues (ABS)<\/td>\n<td>Tous<\/td>\n<\/tr>\n<tr>\n<td>Syst\u00e8me antipatinage \/ contr\u00f4le automatique de stabilit\u00e9<\/td>\n<td>B, C, C1, D, D1<\/td>\n<\/tr>\n<tr>\n<td>R\u00e9partiteur \u00e9lectronique de freinage<\/td>\n<td>B, C, C1, D, D1<\/td>\n<\/tr>\n<tr>\n<td>Blocage \u00e9lectronique du diff\u00e9rentiel<\/td>\n<td>B, C, C1, D, D1<\/td>\n<\/tr>\n<tr>\n<td>Stabilisateur \u00e9lectronique de trajectoire (ESP) \/ Electronic Stability Control (ESC)<\/td>\n<td>B, C, C1, D, D1<\/td>\n<\/tr>\n<tr>\n<td>Low Range<\/td>\n<td>B, C, C1, D, D1<\/td>\n<\/tr>\n<tr>\n<td>D\u00e9tecteur de pluie<\/td>\n<td>B, C, C1, D, D1<\/td>\n<\/tr>\n<tr>\n<td>Contr\u00f4le automatique de la pression des pneus (TPMS)<\/td>\n<td>B, C, C1, D, D1<\/td>\n<\/tr>\n<tr>\n<td>Signal d\u2019arr\u00eat d\u2019urgence<\/td>\n<td>B, C, C1, D, D1<\/td>\n<\/tr>\n<\/tbody>\n<\/table>\n<p>[\/vc_column_text][\/vc_column][\/vc_row][vc_row][vc_column]<div class=\"text-center\"><a class=\"btn btn-highlight btn-xl\" href=\"mailto:info@ctmalder.ch\" target=\"_blank\">Donner un feedback maintenant<\/a><\/div>[\/vc_column][\/vc_row]<\/p>\n","protected":false},"excerpt":{"rendered":"<p>[vc_row padding_bottom=\u00a0\u00bb20&Prime; visibility=\u00a0\u00bbhidden-xs,visible-sm,visible-md,visible-lg,visible-xlg\u00a0\u00bb][vc_column][vc_column_text] Syst\u00e8mes d\u2019assistance \u00e0 la conduite : \u00c9largissement des comp\u00e9tences dans QualiDrive [\/vc_column_text][\/vc_column][\/vc_row][vc_row visibility=\u00a0\u00bbhidden-sm,hidden-md,hidden-lg,hidden-xlg,visible-xs\u00a0\u00bb][vc_column][vc_column_text] Syst\u00e8mes d\u2019assistance \u00e0 la conduite \u00c9largissement des comp\u00e9tences dans QualiDrive [\/vc_column_text][\/vc_column][\/vc_row][vc_row][vc_column][vc_column_text] Vos commentaires sont les bienvenus [\/vc_column_text][\/vc_column][\/vc_row][vc_row][vc_column][vc_column_text]Nous aimerions compl\u00e9ter la fiche \u00e9l\u00e8ve avec les principaux syst\u00e8mes d&rsquo;assistance \u00e0 la conduite. Nous avons \u00e9labor\u00e9 une liste qui \u00e9num\u00e8re une s\u00e9rie de th\u00e8mes d&rsquo;assistance. N&rsquo;h\u00e9sitez pas [&hellip;]<\/p>\n","protected":false},"author":3,"featured_media":0,"parent":0,"menu_order":0,"comment_status":"closed","ping_status":"closed","template":"","meta":{"footnotes":""},"class_list":["post-15378","page","type-page","status-publish","hentry"],"yoast_head":"<!-- This site is optimized with the Yoast SEO plugin v27.5 - https:\/\/yoast.com\/product\/yoast-seo-wordpress\/ -->\n<title>Offre sp\u00e9ciale pour le nouvel an : - QualiDrive by CTM Alder<\/title>\n<meta name=\"description\" content=\"Obtenez plus d&#039;informations sur QualiDrive, telles que les fonctionnalit\u00e9s, les prix, les formations, etc. Remplissez le formulaire de contact...\" \/>\n<meta name=\"robots\" content=\"index, follow, max-snippet:-1, max-image-preview:large, max-video-preview:-1\" \/>\n<link rel=\"canonical\" href=\"https:\/\/www.qualidrive.ch\/fr\/offre-speciale-pour-le-nouvel-an\/\" \/>\n<meta property=\"og:locale\" content=\"fr_FR\" \/>\n<meta property=\"og:type\" content=\"article\" \/>\n<meta property=\"og:title\" content=\"Offre sp\u00e9ciale pour le nouvel an : - QualiDrive by CTM Alder\" \/>\n<meta property=\"og:description\" content=\"Obtenez plus d&#039;informations sur QualiDrive, telles que les fonctionnalit\u00e9s, les prix, les formations, etc. Remplissez le formulaire de contact...\" \/>\n<meta property=\"og:url\" content=\"https:\/\/www.qualidrive.ch\/fr\/offre-speciale-pour-le-nouvel-an\/\" \/>\n<meta property=\"og:site_name\" content=\"QualiDrive by CTM Alder\" \/>\n<meta name=\"twitter:card\" content=\"summary_large_image\" \/>\n<meta name=\"twitter:label1\" content=\"Dur\u00e9e de lecture estim\u00e9e\" \/>\n\t<meta name=\"twitter:data1\" content=\"3 minutes\" \/>\n<script type=\"application\/ld+json\" class=\"yoast-schema-graph\">{\"@context\":\"https:\\\/\\\/schema.org\",\"@graph\":[{\"@type\":\"WebPage\",\"@id\":\"https:\\\/\\\/www.qualidrive.ch\\\/fr\\\/offre-speciale-pour-le-nouvel-an\\\/\",\"url\":\"https:\\\/\\\/www.qualidrive.ch\\\/fr\\\/offre-speciale-pour-le-nouvel-an\\\/\",\"name\":\"Offre sp\u00e9ciale pour le nouvel an : - QualiDrive by CTM Alder\",\"isPartOf\":{\"@id\":\"https:\\\/\\\/www.qualidrive.ch\\\/#website\"},\"datePublished\":\"2025-03-06T15:55:36+00:00\",\"description\":\"Obtenez plus d'informations sur QualiDrive, telles que les fonctionnalit\u00e9s, les prix, les formations, etc. Remplissez le formulaire de contact...\",\"breadcrumb\":{\"@id\":\"https:\\\/\\\/www.qualidrive.ch\\\/fr\\\/offre-speciale-pour-le-nouvel-an\\\/#breadcrumb\"},\"inLanguage\":\"fr-FR\",\"potentialAction\":[{\"@type\":\"ReadAction\",\"target\":[\"https:\\\/\\\/www.qualidrive.ch\\\/fr\\\/offre-speciale-pour-le-nouvel-an\\\/\"]}]},{\"@type\":\"BreadcrumbList\",\"@id\":\"https:\\\/\\\/www.qualidrive.ch\\\/fr\\\/offre-speciale-pour-le-nouvel-an\\\/#breadcrumb\",\"itemListElement\":[{\"@type\":\"ListItem\",\"position\":1,\"name\":\"Startseite\",\"item\":\"https:\\\/\\\/www.qualidrive.ch\\\/fr\\\/\"},{\"@type\":\"ListItem\",\"position\":2,\"name\":\"Offre sp\u00e9ciale pour le nouvel an :\"}]},{\"@type\":\"WebSite\",\"@id\":\"https:\\\/\\\/www.qualidrive.ch\\\/#website\",\"url\":\"https:\\\/\\\/www.qualidrive.ch\\\/\",\"name\":\"QualiDrive by CTM Alder\",\"description\":\"Software f\u00fcr Fahrschulen\",\"potentialAction\":[{\"@type\":\"SearchAction\",\"target\":{\"@type\":\"EntryPoint\",\"urlTemplate\":\"https:\\\/\\\/www.qualidrive.ch\\\/?s={search_term_string}\"},\"query-input\":{\"@type\":\"PropertyValueSpecification\",\"valueRequired\":true,\"valueName\":\"search_term_string\"}}],\"inLanguage\":\"fr-FR\"}]}<\/script>\n<!-- \/ Yoast SEO plugin. -->","yoast_head_json":{"title":"Offre sp\u00e9ciale pour le nouvel an : - QualiDrive by CTM Alder","description":"Obtenez plus d'informations sur QualiDrive, telles que les fonctionnalit\u00e9s, les prix, les formations, etc. Remplissez le formulaire de contact...","robots":{"index":"index","follow":"follow","max-snippet":"max-snippet:-1","max-image-preview":"max-image-preview:large","max-video-preview":"max-video-preview:-1"},"canonical":"https:\/\/www.qualidrive.ch\/fr\/offre-speciale-pour-le-nouvel-an\/","og_locale":"fr_FR","og_type":"article","og_title":"Offre sp\u00e9ciale pour le nouvel an : - QualiDrive by CTM Alder","og_description":"Obtenez plus d'informations sur QualiDrive, telles que les fonctionnalit\u00e9s, les prix, les formations, etc. Remplissez le formulaire de contact...","og_url":"https:\/\/www.qualidrive.ch\/fr\/offre-speciale-pour-le-nouvel-an\/","og_site_name":"QualiDrive by CTM Alder","twitter_card":"summary_large_image","twitter_misc":{"Dur\u00e9e de lecture estim\u00e9e":"3 minutes"},"schema":{"@context":"https:\/\/schema.org","@graph":[{"@type":"WebPage","@id":"https:\/\/www.qualidrive.ch\/fr\/offre-speciale-pour-le-nouvel-an\/","url":"https:\/\/www.qualidrive.ch\/fr\/offre-speciale-pour-le-nouvel-an\/","name":"Offre sp\u00e9ciale pour le nouvel an : - QualiDrive by CTM Alder","isPartOf":{"@id":"https:\/\/www.qualidrive.ch\/#website"},"datePublished":"2025-03-06T15:55:36+00:00","description":"Obtenez plus d'informations sur QualiDrive, telles que les fonctionnalit\u00e9s, les prix, les formations, etc. Remplissez le formulaire de contact...","breadcrumb":{"@id":"https:\/\/www.qualidrive.ch\/fr\/offre-speciale-pour-le-nouvel-an\/#breadcrumb"},"inLanguage":"fr-FR","potentialAction":[{"@type":"ReadAction","target":["https:\/\/www.qualidrive.ch\/fr\/offre-speciale-pour-le-nouvel-an\/"]}]},{"@type":"BreadcrumbList","@id":"https:\/\/www.qualidrive.ch\/fr\/offre-speciale-pour-le-nouvel-an\/#breadcrumb","itemListElement":[{"@type":"ListItem","position":1,"name":"Startseite","item":"https:\/\/www.qualidrive.ch\/fr\/"},{"@type":"ListItem","position":2,"name":"Offre sp\u00e9ciale pour le nouvel an :"}]},{"@type":"WebSite","@id":"https:\/\/www.qualidrive.ch\/#website","url":"https:\/\/www.qualidrive.ch\/","name":"QualiDrive by CTM Alder","description":"Software f\u00fcr Fahrschulen","potentialAction":[{"@type":"SearchAction","target":{"@type":"EntryPoint","urlTemplate":"https:\/\/www.qualidrive.ch\/?s={search_term_string}"},"query-input":{"@type":"PropertyValueSpecification","valueRequired":true,"valueName":"search_term_string"}}],"inLanguage":"fr-FR"}]}},"_links":{"self":[{"href":"https:\/\/www.qualidrive.ch\/fr\/wp-json\/wp\/v2\/pages\/15378","targetHints":{"allow":["GET"]}}],"collection":[{"href":"https:\/\/www.qualidrive.ch\/fr\/wp-json\/wp\/v2\/pages"}],"about":[{"href":"https:\/\/www.qualidrive.ch\/fr\/wp-json\/wp\/v2\/types\/page"}],"author":[{"embeddable":true,"href":"https:\/\/www.qualidrive.ch\/fr\/wp-json\/wp\/v2\/users\/3"}],"replies":[{"embeddable":true,"href":"https:\/\/www.qualidrive.ch\/fr\/wp-json\/wp\/v2\/comments?post=15378"}],"version-history":[{"count":6,"href":"https:\/\/www.qualidrive.ch\/fr\/wp-json\/wp\/v2\/pages\/15378\/revisions"}],"predecessor-version":[{"id":15385,"href":"https:\/\/www.qualidrive.ch\/fr\/wp-json\/wp\/v2\/pages\/15378\/revisions\/15385"}],"wp:attachment":[{"href":"https:\/\/www.qualidrive.ch\/fr\/wp-json\/wp\/v2\/media?parent=15378"}],"curies":[{"name":"wp","href":"https:\/\/api.w.org\/{rel}","templated":true}]}}